{"id":86530,"date":"2024-02-21T18:54:07","date_gmt":"2024-02-21T18:54:07","guid":{"rendered":"https:\/\/www.hotelmorfeo.com\/fruehstueck-und-abendessen\/"},"modified":"2025-04-05T15:03:18","modified_gmt":"2025-04-05T15:03:18","slug":"fruehstueck-und-abendessen","status":"publish","type":"page","link":"https:\/\/www.hotelmorfeo.com\/de\/fruehstueck-und-abendessen\/","title":{"rendered":"Fr\u00fchst\u00fcck und Abendessen"},"content":{"rendered":"\t\t<div data-elementor-type=\"wp-page\" data-elementor-id=\"86530\" class=\"elementor elementor-86530 elementor-321\" data-elementor-post-type=\"page\">\n\t\t\t\t\t\t<section class=\"elementor-section elementor-top-section elementor-element elementor-element-3a5f003e elementor-section-height-min-height elementor-section-boxed elementor-section-height-default elementor-section-items-middle\" data-id=\"3a5f003e\" data-element_type=\"section\" data-e-type=\"section\" data-settings=\"{&quot;background_background&quot;:&quot;classic&quot;,&quot;jet_parallax_layout_list&quot;:[]}\">\n\t\t\t\t\t\t\t<div class=\"elementor-background-overlay\"><\/div>\n\t\t\t\t\t\t\t<div class=\"elementor-container elementor-column-gap-default\">\n\t\t\t\t\t<div class=\"elementor-column elementor-col-100 elementor-top-column elementor-element elementor-element-8aff636\" data-id=\"8aff636\" data-element_type=\"column\" data-e-type=\"column\">\n\t\t\t<div class=\"elementor-widget-wrap elementor-element-populated\">\n\t\t\t\t\t\t<div class=\"elementor-element elementor-element-13d80e2d elementor-widget__width-auto elementor-invisible elementor-widget elementor-widget-heading\" data-id=\"13d80e2d\" data-element_type=\"widget\" data-e-type=\"widget\" data-settings=\"{&quot;_animation&quot;:&quot;fadeInLeft&quot;}\" data-widget_type=\"heading.default\">\n\t\t\t\t<div class=\"elementor-widget-container\">\n\t\t\t\t\t<h1 class=\"elementor-heading-title elementor-size-default\">Fr\u00fchst\u00fcck und Abendessen<\/h1>\t\t\t\t<\/div>\n\t\t\t\t<\/div>\n\t\t\t\t\t<\/div>\n\t\t<\/div>\n\t\t\t\t\t<\/div>\n\t\t<\/section>\n\t\t\t\t<section class=\"elementor-section elementor-top-section elementor-element elementor-element-669cdec2 elementor-section-boxed elementor-section-height-default elementor-section-height-default\" data-id=\"669cdec2\" data-element_type=\"section\" data-e-type=\"section\" data-settings=\"{&quot;jet_parallax_layout_list&quot;:[]}\">\n\t\t\t\t\t\t\t<div class=\"elementor-background-overlay\"><\/div>\n\t\t\t\t\t\t\t<div class=\"elementor-container elementor-column-gap-default\">\n\t\t\t\t\t<div class=\"elementor-column elementor-col-100 elementor-top-column elementor-element elementor-element-3512fb8c\" data-id=\"3512fb8c\" data-element_type=\"column\" data-e-type=\"column\">\n\t\t\t<div class=\"elementor-widget-wrap elementor-element-populated\">\n\t\t\t\t\t\t<div class=\"elementor-element elementor-element-2233f31f elementor-widget elementor-widget-heading\" data-id=\"2233f31f\" data-element_type=\"widget\" data-e-type=\"widget\" data-widget_type=\"heading.default\">\n\t\t\t\t<div class=\"elementor-widget-container\">\n\t\t\t\t\t<h2 class=\"elementor-heading-title elementor-size-default\">Essen &amp; Trinken Fans<\/h2>\t\t\t\t<\/div>\n\t\t\t\t<\/div>\n\t\t\t\t<div class=\"elementor-element elementor-element-5c68ca9d elementor-widget__width-initial elementor-widget elementor-widget-text-editor\" data-id=\"5c68ca9d\" data-element_type=\"widget\" data-e-type=\"widget\" data-widget_type=\"text-editor.default\">\n\t\t\t\t<div class=\"elementor-widget-container\">\n\t\t\t\t\t\t\t\t\t<p>Spa\u00df und gutes Essen? Die perfekte Kombi in Rimini!<br \/>Unser Chefkoch verw\u00f6hnt dich jeden Tag mit leckeren Gerichten aus der Tradition und vielem mehr. Hier sorgen wir daf\u00fcr, dass du dich wohlf\u00fchlst, lachst und&#8230;<br \/>vor allem am Tisch begeistert bist!<\/p>\t\t\t\t\t\t\t\t<\/div>\n\t\t\t\t<\/div>\n\t\t\t\t\t<\/div>\n\t\t<\/div>\n\t\t\t\t\t<\/div>\n\t\t<\/section>\n\t\t\t\t<section class=\"elementor-section elementor-top-section elementor-element elementor-element-5a40af58 elementor-reverse-mobile elementor-section-boxed elementor-section-height-default elementor-section-height-default\" data-id=\"5a40af58\" data-element_type=\"section\" data-e-type=\"section\" data-settings=\"{&quot;background_background&quot;:&quot;gradient&quot;,&quot;jet_parallax_layout_list&quot;:[]}\">\n\t\t\t\t\t\t<div class=\"elementor-container elementor-column-gap-default\">\n\t\t\t\t\t<div class=\"elementor-column elementor-col-50 elementor-top-column elementor-element elementor-element-52a71027\" data-id=\"52a71027\" data-element_type=\"column\" data-e-type=\"column\">\n\t\t\t<div class=\"elementor-widget-wrap elementor-element-populated\">\n\t\t\t\t\t\t<div class=\"elementor-element elementor-element-69c8bc45 elementor-widget elementor-widget-image\" data-id=\"69c8bc45\" data-element_type=\"widget\" data-e-type=\"widget\" data-widget_type=\"image.default\">\n\t\t\t\t<div class=\"elementor-widget-container\">\n\t\t\t\t\t\t\t\t\t\t\t\t\t\t\t<img fetchpriority=\"high\" decoding=\"async\" width=\"1000\" height=\"667\" src=\"https:\/\/www.hotelmorfeo.com\/wp-content\/uploads\/2025\/04\/Progetto-senza-titolo-7.jpg\" class=\"attachment-full size-full wp-image-91324\" alt=\"\" srcset=\"https:\/\/www.hotelmorfeo.com\/wp-content\/uploads\/2025\/04\/Progetto-senza-titolo-7.jpg 1000w, https:\/\/www.hotelmorfeo.com\/wp-content\/uploads\/2025\/04\/Progetto-senza-titolo-7-300x200.jpg 300w, https:\/\/www.hotelmorfeo.com\/wp-content\/uploads\/2025\/04\/Progetto-senza-titolo-7-768x512.jpg 768w\" sizes=\"(max-width: 1000px) 100vw, 1000px\" \/>\t\t\t\t\t\t\t\t\t\t\t\t\t\t\t<\/div>\n\t\t\t\t<\/div>\n\t\t\t\t\t<\/div>\n\t\t<\/div>\n\t\t\t\t<div class=\"elementor-column elementor-col-50 elementor-top-column elementor-element elementor-element-2634773b\" data-id=\"2634773b\" data-element_type=\"column\" data-e-type=\"column\">\n\t\t\t<div class=\"elementor-widget-wrap elementor-element-populated\">\n\t\t\t\t\t\t<div class=\"elementor-element elementor-element-42fbd90 elementor-widget elementor-widget-heading\" data-id=\"42fbd90\" data-element_type=\"widget\" data-e-type=\"widget\" data-widget_type=\"heading.default\">\n\t\t\t\t<div class=\"elementor-widget-container\">\n\t\t\t\t\t<h2 class=\"elementor-heading-title elementor-size-default\">Fr\u00fchst\u00fcck \/ Brunch<\/h2>\t\t\t\t<\/div>\n\t\t\t\t<\/div>\n\t\t\t\t<div class=\"elementor-element elementor-element-2a55c0c elementor-widget elementor-widget-text-editor\" data-id=\"2a55c0c\" data-element_type=\"widget\" data-e-type=\"widget\" data-widget_type=\"text-editor.default\">\n\t\t\t\t<div class=\"elementor-widget-container\">\n\t\t\t\t\t\t\t\t\t<p>Das Fr\u00fchst\u00fcck ist immer mit dabei! Das Buffet steht bis 12:00 Uhr, also kein Stress, wenn du die Nacht durchgemacht hast.<br \/>Lust auf italienisch oder kontinental? Ob s\u00fc\u00df oder herzhaft &#8211; bedien dich nach Herzenslust! Unser Buffet hat f\u00fcr jeden etwas zu bieten.<\/p>\n\t\t\t\t\t\t\t\t<\/div>\n\t\t\t\t<\/div>\n\t\t\t\t\t<\/div>\n\t\t<\/div>\n\t\t\t\t\t<\/div>\n\t\t<\/section>\n\t\t\t\t<section class=\"elementor-section elementor-top-section elementor-element elementor-element-928b61a elementor-section-boxed elementor-section-height-default elementor-section-height-default\" data-id=\"928b61a\" data-element_type=\"section\" data-e-type=\"section\" data-settings=\"{&quot;background_background&quot;:&quot;gradient&quot;,&quot;jet_parallax_layout_list&quot;:[]}\">\n\t\t\t\t\t\t<div class=\"elementor-container elementor-column-gap-default\">\n\t\t\t\t\t<div class=\"elementor-column elementor-col-50 elementor-top-column elementor-element elementor-element-dde2bb3\" data-id=\"dde2bb3\" data-element_type=\"column\" data-e-type=\"column\">\n\t\t\t<div class=\"elementor-widget-wrap elementor-element-populated\">\n\t\t\t\t\t\t<div class=\"elementor-element elementor-element-2db5ce5 elementor-widget elementor-widget-heading\" data-id=\"2db5ce5\" data-element_type=\"widget\" data-e-type=\"widget\" data-widget_type=\"heading.default\">\n\t\t\t\t<div class=\"elementor-widget-container\">\n\t\t\t\t\t<h2 class=\"elementor-heading-title elementor-size-default\">Abendessen<\/h2>\t\t\t\t<\/div>\n\t\t\t\t<\/div>\n\t\t\t\t<div class=\"elementor-element elementor-element-377f309 elementor-widget elementor-widget-text-editor\" data-id=\"377f309\" data-element_type=\"widget\" data-e-type=\"widget\" data-widget_type=\"text-editor.default\">\n\t\t\t\t<div class=\"elementor-widget-container\">\n\t\t\t\t\t\t\t\t\t<p>Wenn du dich f\u00fcr die Halbpension entscheidest, gibt\u2019s abends auch ein Buffet &#8222;All-you-can-eat&#8220; von 19:30 bis 20:45 Uhr. Da ist f\u00fcr jeden was dabei: Pasta, Hauptgerichte, Beilagen, Gem\u00fcse, Desserts \u2013 von italienischer \u00fcber fusionierte bis hin zur internationalen K\u00fcche. Und vegane und vegetarische Optionen haben wir auch reichlich.<\/p>\t\t\t\t\t\t\t\t<\/div>\n\t\t\t\t<\/div>\n\t\t\t\t\t<\/div>\n\t\t<\/div>\n\t\t\t\t<div class=\"elementor-column elementor-col-50 elementor-top-column elementor-element elementor-element-f8856ba\" data-id=\"f8856ba\" data-element_type=\"column\" data-e-type=\"column\">\n\t\t\t<div class=\"elementor-widget-wrap elementor-element-populated\">\n\t\t\t\t\t\t<div class=\"elementor-element elementor-element-8302b97 elementor-widget elementor-widget-image\" data-id=\"8302b97\" data-element_type=\"widget\" data-e-type=\"widget\" data-widget_type=\"image.default\">\n\t\t\t\t<div class=\"elementor-widget-container\">\n\t\t\t\t\t\t\t\t\t\t\t\t\t\t\t<img decoding=\"async\" width=\"2000\" height=\"1333\" src=\"https:\/\/www.hotelmorfeo.com\/wp-content\/uploads\/2025\/04\/24759874617_059024e0e0_o.jpg\" class=\"attachment-full size-full wp-image-91328\" alt=\"\" srcset=\"https:\/\/www.hotelmorfeo.com\/wp-content\/uploads\/2025\/04\/24759874617_059024e0e0_o.jpg 2000w, https:\/\/www.hotelmorfeo.com\/wp-content\/uploads\/2025\/04\/24759874617_059024e0e0_o-300x200.jpg 300w, https:\/\/www.hotelmorfeo.com\/wp-content\/uploads\/2025\/04\/24759874617_059024e0e0_o-1024x682.jpg 1024w, https:\/\/www.hotelmorfeo.com\/wp-content\/uploads\/2025\/04\/24759874617_059024e0e0_o-768x512.jpg 768w, https:\/\/www.hotelmorfeo.com\/wp-content\/uploads\/2025\/04\/24759874617_059024e0e0_o-1536x1024.jpg 1536w\" sizes=\"(max-width: 2000px) 100vw, 2000px\" \/>\t\t\t\t\t\t\t\t\t\t\t\t\t\t\t<\/div>\n\t\t\t\t<\/div>\n\t\t\t\t\t<\/div>\n\t\t<\/div>\n\t\t\t\t\t<\/div>\n\t\t<\/section>\n\t\t\t\t<section class=\"elementor-section elementor-top-section elementor-element elementor-element-0d8146c elementor-reverse-mobile elementor-section-boxed elementor-section-height-default elementor-section-height-default\" data-id=\"0d8146c\" data-element_type=\"section\" data-e-type=\"section\" data-settings=\"{&quot;background_background&quot;:&quot;gradient&quot;,&quot;jet_parallax_layout_list&quot;:[]}\">\n\t\t\t\t\t\t<div class=\"elementor-container elementor-column-gap-default\">\n\t\t\t\t\t<div class=\"elementor-column elementor-col-50 elementor-top-column elementor-element elementor-element-0c1cdea\" data-id=\"0c1cdea\" data-element_type=\"column\" data-e-type=\"column\">\n\t\t\t<div class=\"elementor-widget-wrap elementor-element-populated\">\n\t\t\t\t\t\t<div class=\"elementor-element elementor-element-d696c5a elementor-widget elementor-widget-image\" data-id=\"d696c5a\" data-element_type=\"widget\" data-e-type=\"widget\" data-widget_type=\"image.default\">\n\t\t\t\t<div class=\"elementor-widget-container\">\n\t\t\t\t\t\t\t\t\t\t\t\t\t\t\t<img decoding=\"async\" width=\"1920\" height=\"2560\" src=\"https:\/\/www.hotelmorfeo.com\/wp-content\/uploads\/2024\/03\/image00014-scaled.jpeg\" class=\"attachment-full size-full wp-image-86387\" alt=\"\" srcset=\"https:\/\/www.hotelmorfeo.com\/wp-content\/uploads\/2024\/03\/image00014-scaled.jpeg 1920w, https:\/\/www.hotelmorfeo.com\/wp-content\/uploads\/2024\/03\/image00014-225x300.jpeg 225w, https:\/\/www.hotelmorfeo.com\/wp-content\/uploads\/2024\/03\/image00014-768x1024.jpeg 768w, https:\/\/www.hotelmorfeo.com\/wp-content\/uploads\/2024\/03\/image00014-1152x1536.jpeg 1152w, https:\/\/www.hotelmorfeo.com\/wp-content\/uploads\/2024\/03\/image00014-1536x2048.jpeg 1536w\" sizes=\"(max-width: 1920px) 100vw, 1920px\" \/>\t\t\t\t\t\t\t\t\t\t\t\t\t\t\t<\/div>\n\t\t\t\t<\/div>\n\t\t\t\t\t<\/div>\n\t\t<\/div>\n\t\t\t\t<div class=\"elementor-column elementor-col-50 elementor-top-column elementor-element elementor-element-1385df9\" data-id=\"1385df9\" data-element_type=\"column\" data-e-type=\"column\">\n\t\t\t<div class=\"elementor-widget-wrap elementor-element-populated\">\n\t\t\t\t\t\t<div class=\"elementor-element elementor-element-3ac59bf elementor-widget elementor-widget-heading\" data-id=\"3ac59bf\" data-element_type=\"widget\" data-e-type=\"widget\" data-widget_type=\"heading.default\">\n\t\t\t\t<div class=\"elementor-widget-container\">\n\t\t\t\t\t<h2 class=\"elementor-heading-title elementor-size-default\">Sitzen, wo du willset und mit wem du willst<\/h2>\t\t\t\t<\/div>\n\t\t\t\t<\/div>\n\t\t\t\t<div class=\"elementor-element elementor-element-c1c159d elementor-widget elementor-widget-text-editor\" data-id=\"c1c159d\" data-element_type=\"widget\" data-e-type=\"widget\" data-widget_type=\"text-editor.default\">\n\t\t\t\t<div class=\"elementor-widget-container\">\n\t\t\t\t\t\t\t\t\t<p><span style=\"text-align: center;\">Unsere gro\u00dfen Tische sind richtige Hotspots: Such dir einfach einen Platz, wo es dir gef\u00e4llt. Ob mit deinen Freunden oder neuen Bekanntschaften \u2013 hereinspaziert und wohlf\u00fchlen!<\/span><\/p>\n\t\t\t\t\t\t\t\t<\/div>\n\t\t\t\t<\/div>\n\t\t\t\t\t<\/div>\n\t\t<\/div>\n\t\t\t\t\t<\/div>\n\t\t<\/section>\n\t\t<div class=\"elementor-element elementor-element-2e48f31 e-flex e-con-boxed e-con e-parent\" data-id=\"2e48f31\" data-element_type=\"container\" data-e-type=\"container\" data-settings=\"{&quot;jet_parallax_layout_list&quot;:[]}\">\n\t\t\t\t\t<div class=\"e-con-inner\">\n\t\t\t\t\t<\/div>\n\t\t\t\t<\/div>\n\t\t\t\t<\/div>\n\t\t","protected":false},"excerpt":{"rendered":"<p>Fr\u00fchst\u00fcck und Abendessen Essen &amp; Trinken Fans Spa\u00df und gutes Essen? Die perfekte Kombi in Rimini!Unser Chefkoch verw\u00f6hnt dich jeden Tag mit leckeren Gerichten aus der Tradition und vielem mehr. Hier sorgen wir daf\u00fcr, dass du dich wohlf\u00fchlst, lachst und&#8230;vor allem am Tisch begeistert bist! Fr\u00fchst\u00fcck \/ Brunch Das Fr\u00fchst\u00fcck ist immer mit dabei! Das [&hellip;]<\/p>\n","protected":false},"author":1,"featured_media":0,"parent":0,"menu_order":0,"comment_status":"closed","ping_status":"closed","template":"elementor_header_footer","meta":{"_acf_changed":false,"footnotes":""},"class_list":["post-86530","page","type-page","status-publish","hentry"],"acf":[],"yoast_head":"<!-- This site is optimized with the Yoast SEO plugin v27.2 - https:\/\/yoast.com\/product\/yoast-seo-wordpress\/ -->\n<title>Hotel Rimini mit sp\u00e4tem Fr\u00fchst\u00fcck und Abendbuffet<\/title>\n<meta name=\"description\" content=\"Stehen Sie ruhig auf, w\u00e4hlen Sie die Gerichte aus, die Ihnen gefallen, und genie\u00dfen Sie jede Menge gutes Essen: Entdecken Sie den Service \u201eLate Breakfast\u201c und \u201eBuffet Dinner\u201c im Hotel Rimini Morfeo.\" \/>\n<meta name=\"robots\" content=\"index, follow, max-snippet:-1, max-image-preview:large, max-video-preview:-1\" \/>\n<link rel=\"canonical\" href=\"https:\/\/www.hotelmorfeo.com\/de\/fruehstueck-und-abendessen\/\" \/>\n<meta property=\"og:locale\" content=\"de_DE\" \/>\n<meta property=\"og:type\" content=\"article\" \/>\n<meta property=\"og:title\" content=\"Hotel Rimini mit sp\u00e4tem Fr\u00fchst\u00fcck und Abendbuffet\" \/>\n<meta property=\"og:description\" content=\"Stehen Sie ruhig auf, w\u00e4hlen Sie die Gerichte aus, die Ihnen gefallen, und genie\u00dfen Sie jede Menge gutes Essen: Entdecken Sie den Service \u201eLate Breakfast\u201c und \u201eBuffet Dinner\u201c im Hotel Rimini Morfeo.\" \/>\n<meta property=\"og:url\" content=\"https:\/\/www.hotelmorfeo.com\/de\/fruehstueck-und-abendessen\/\" \/>\n<meta property=\"og:site_name\" content=\"Hotel Morfeo\" \/>\n<meta property=\"article:modified_time\" content=\"2025-04-05T15:03:18+00:00\" \/>\n<meta property=\"og:image\" content=\"https:\/\/www.hotelmorfeo.com\/wp-content\/uploads\/2025\/04\/Progetto-senza-titolo-7.jpg\" \/>\n\t<meta property=\"og:image:width\" content=\"1000\" \/>\n\t<meta property=\"og:image:height\" content=\"667\" \/>\n\t<meta property=\"og:image:type\" content=\"image\/jpeg\" \/>\n<meta name=\"twitter:card\" content=\"summary_large_image\" \/>\n<meta name=\"twitter:label1\" content=\"Gesch\u00e4tzte Lesezeit\" \/>\n\t<meta name=\"twitter:data1\" content=\"2\u00a0Minuten\" \/>\n<script type=\"application\/ld+json\" class=\"yoast-schema-graph\">{\"@context\":\"https:\/\/schema.org\",\"@graph\":[{\"@type\":\"WebPage\",\"@id\":\"https:\/\/www.hotelmorfeo.com\/de\/fruehstueck-und-abendessen\/\",\"url\":\"https:\/\/www.hotelmorfeo.com\/de\/fruehstueck-und-abendessen\/\",\"name\":\"Hotel Rimini mit sp\u00e4tem Fr\u00fchst\u00fcck und Abendbuffet\",\"isPartOf\":{\"@id\":\"https:\/\/www.hotelmorfeo.com\/de\/#website\"},\"primaryImageOfPage\":{\"@id\":\"https:\/\/www.hotelmorfeo.com\/de\/fruehstueck-und-abendessen\/#primaryimage\"},\"image\":{\"@id\":\"https:\/\/www.hotelmorfeo.com\/de\/fruehstueck-und-abendessen\/#primaryimage\"},\"thumbnailUrl\":\"https:\/\/www.hotelmorfeo.com\/wp-content\/uploads\/2025\/04\/Progetto-senza-titolo-7.jpg\",\"datePublished\":\"2024-02-21T18:54:07+00:00\",\"dateModified\":\"2025-04-05T15:03:18+00:00\",\"description\":\"Stehen Sie ruhig auf, w\u00e4hlen Sie die Gerichte aus, die Ihnen gefallen, und genie\u00dfen Sie jede Menge gutes Essen: Entdecken Sie den Service \u201eLate Breakfast\u201c und \u201eBuffet Dinner\u201c im Hotel Rimini Morfeo.\",\"breadcrumb\":{\"@id\":\"https:\/\/www.hotelmorfeo.com\/de\/fruehstueck-und-abendessen\/#breadcrumb\"},\"inLanguage\":\"de\",\"potentialAction\":[{\"@type\":\"ReadAction\",\"target\":[\"https:\/\/www.hotelmorfeo.com\/de\/fruehstueck-und-abendessen\/\"]}]},{\"@type\":\"ImageObject\",\"inLanguage\":\"de\",\"@id\":\"https:\/\/www.hotelmorfeo.com\/de\/fruehstueck-und-abendessen\/#primaryimage\",\"url\":\"https:\/\/www.hotelmorfeo.com\/wp-content\/uploads\/2025\/04\/Progetto-senza-titolo-7.jpg\",\"contentUrl\":\"https:\/\/www.hotelmorfeo.com\/wp-content\/uploads\/2025\/04\/Progetto-senza-titolo-7.jpg\"},{\"@type\":\"BreadcrumbList\",\"@id\":\"https:\/\/www.hotelmorfeo.com\/de\/fruehstueck-und-abendessen\/#breadcrumb\",\"itemListElement\":[{\"@type\":\"ListItem\",\"position\":1,\"name\":\"Home\",\"item\":\"https:\/\/www.hotelmorfeo.com\/de\/homepage-2\/\"},{\"@type\":\"ListItem\",\"position\":2,\"name\":\"Fr\u00fchst\u00fcck und Abendessen\"}]},{\"@type\":\"WebSite\",\"@id\":\"https:\/\/www.hotelmorfeo.com\/de\/#website\",\"url\":\"https:\/\/www.hotelmorfeo.com\/de\/\",\"name\":\"Hotel Morfeo\",\"description\":\"Hotel 3 stelle per giovani in Riviera\",\"potentialAction\":[{\"@type\":\"SearchAction\",\"target\":{\"@type\":\"EntryPoint\",\"urlTemplate\":\"https:\/\/www.hotelmorfeo.com\/de\/?s={search_term_string}\"},\"query-input\":{\"@type\":\"PropertyValueSpecification\",\"valueRequired\":true,\"valueName\":\"search_term_string\"}}],\"inLanguage\":\"de\"}]}<\/script>\n<!-- \/ Yoast SEO plugin. -->","yoast_head_json":{"title":"Hotel Rimini mit sp\u00e4tem Fr\u00fchst\u00fcck und Abendbuffet","description":"Stehen Sie ruhig auf, w\u00e4hlen Sie die Gerichte aus, die Ihnen gefallen, und genie\u00dfen Sie jede Menge gutes Essen: Entdecken Sie den Service \u201eLate Breakfast\u201c und \u201eBuffet Dinner\u201c im Hotel Rimini Morfeo.","robots":{"index":"index","follow":"follow","max-snippet":"max-snippet:-1","max-image-preview":"max-image-preview:large","max-video-preview":"max-video-preview:-1"},"canonical":"https:\/\/www.hotelmorfeo.com\/de\/fruehstueck-und-abendessen\/","og_locale":"de_DE","og_type":"article","og_title":"Hotel Rimini mit sp\u00e4tem Fr\u00fchst\u00fcck und Abendbuffet","og_description":"Stehen Sie ruhig auf, w\u00e4hlen Sie die Gerichte aus, die Ihnen gefallen, und genie\u00dfen Sie jede Menge gutes Essen: Entdecken Sie den Service \u201eLate Breakfast\u201c und \u201eBuffet Dinner\u201c im Hotel Rimini Morfeo.","og_url":"https:\/\/www.hotelmorfeo.com\/de\/fruehstueck-und-abendessen\/","og_site_name":"Hotel Morfeo","article_modified_time":"2025-04-05T15:03:18+00:00","og_image":[{"width":1000,"height":667,"url":"https:\/\/www.hotelmorfeo.com\/wp-content\/uploads\/2025\/04\/Progetto-senza-titolo-7.jpg","type":"image\/jpeg"}],"twitter_card":"summary_large_image","twitter_misc":{"Gesch\u00e4tzte Lesezeit":"2\u00a0Minuten"},"schema":{"@context":"https:\/\/schema.org","@graph":[{"@type":"WebPage","@id":"https:\/\/www.hotelmorfeo.com\/de\/fruehstueck-und-abendessen\/","url":"https:\/\/www.hotelmorfeo.com\/de\/fruehstueck-und-abendessen\/","name":"Hotel Rimini mit sp\u00e4tem Fr\u00fchst\u00fcck und Abendbuffet","isPartOf":{"@id":"https:\/\/www.hotelmorfeo.com\/de\/#website"},"primaryImageOfPage":{"@id":"https:\/\/www.hotelmorfeo.com\/de\/fruehstueck-und-abendessen\/#primaryimage"},"image":{"@id":"https:\/\/www.hotelmorfeo.com\/de\/fruehstueck-und-abendessen\/#primaryimage"},"thumbnailUrl":"https:\/\/www.hotelmorfeo.com\/wp-content\/uploads\/2025\/04\/Progetto-senza-titolo-7.jpg","datePublished":"2024-02-21T18:54:07+00:00","dateModified":"2025-04-05T15:03:18+00:00","description":"Stehen Sie ruhig auf, w\u00e4hlen Sie die Gerichte aus, die Ihnen gefallen, und genie\u00dfen Sie jede Menge gutes Essen: Entdecken Sie den Service \u201eLate Breakfast\u201c und \u201eBuffet Dinner\u201c im Hotel Rimini Morfeo.","breadcrumb":{"@id":"https:\/\/www.hotelmorfeo.com\/de\/fruehstueck-und-abendessen\/#breadcrumb"},"inLanguage":"de","potentialAction":[{"@type":"ReadAction","target":["https:\/\/www.hotelmorfeo.com\/de\/fruehstueck-und-abendessen\/"]}]},{"@type":"ImageObject","inLanguage":"de","@id":"https:\/\/www.hotelmorfeo.com\/de\/fruehstueck-und-abendessen\/#primaryimage","url":"https:\/\/www.hotelmorfeo.com\/wp-content\/uploads\/2025\/04\/Progetto-senza-titolo-7.jpg","contentUrl":"https:\/\/www.hotelmorfeo.com\/wp-content\/uploads\/2025\/04\/Progetto-senza-titolo-7.jpg"},{"@type":"BreadcrumbList","@id":"https:\/\/www.hotelmorfeo.com\/de\/fruehstueck-und-abendessen\/#breadcrumb","itemListElement":[{"@type":"ListItem","position":1,"name":"Home","item":"https:\/\/www.hotelmorfeo.com\/de\/homepage-2\/"},{"@type":"ListItem","position":2,"name":"Fr\u00fchst\u00fcck und Abendessen"}]},{"@type":"WebSite","@id":"https:\/\/www.hotelmorfeo.com\/de\/#website","url":"https:\/\/www.hotelmorfeo.com\/de\/","name":"Hotel Morfeo","description":"Hotel 3 stelle per giovani in Riviera","potentialAction":[{"@type":"SearchAction","target":{"@type":"EntryPoint","urlTemplate":"https:\/\/www.hotelmorfeo.com\/de\/?s={search_term_string}"},"query-input":{"@type":"PropertyValueSpecification","valueRequired":true,"valueName":"search_term_string"}}],"inLanguage":"de"}]}},"_links":{"self":[{"href":"https:\/\/www.hotelmorfeo.com\/de\/wp-json\/wp\/v2\/pages\/86530","targetHints":{"allow":["GET"]}}],"collection":[{"href":"https:\/\/www.hotelmorfeo.com\/de\/wp-json\/wp\/v2\/pages"}],"about":[{"href":"https:\/\/www.hotelmorfeo.com\/de\/wp-json\/wp\/v2\/types\/page"}],"author":[{"embeddable":true,"href":"https:\/\/www.hotelmorfeo.com\/de\/wp-json\/wp\/v2\/users\/1"}],"replies":[{"embeddable":true,"href":"https:\/\/www.hotelmorfeo.com\/de\/wp-json\/wp\/v2\/comments?post=86530"}],"version-history":[{"count":9,"href":"https:\/\/www.hotelmorfeo.com\/de\/wp-json\/wp\/v2\/pages\/86530\/revisions"}],"predecessor-version":[{"id":91337,"href":"https:\/\/www.hotelmorfeo.com\/de\/wp-json\/wp\/v2\/pages\/86530\/revisions\/91337"}],"wp:attachment":[{"href":"https:\/\/www.hotelmorfeo.com\/de\/wp-json\/wp\/v2\/media?parent=86530"}],"curies":[{"name":"wp","href":"https:\/\/api.w.org\/{rel}","templated":true}]}}