{"id":86552,"date":"2024-02-25T15:28:11","date_gmt":"2024-02-25T15:28:11","guid":{"rendered":"https:\/\/www.hotelmorfeo.com\/angebote\/"},"modified":"2025-11-28T10:16:01","modified_gmt":"2025-11-28T10:16:01","slug":"angebote","status":"publish","type":"page","link":"https:\/\/www.hotelmorfeo.com\/de\/angebote\/","title":{"rendered":"Angebote"},"content":{"rendered":"\t\t<div data-elementor-type=\"wp-page\" data-elementor-id=\"86552\" class=\"elementor elementor-86552 elementor-508\" data-elementor-post-type=\"page\">\n\t\t\t\t\t\t<section class=\"elementor-section elementor-top-section elementor-element elementor-element-3a5f003e elementor-section-boxed elementor-section-height-default elementor-section-height-default\" data-id=\"3a5f003e\" data-element_type=\"section\" data-e-type=\"section\" data-settings=\"{&quot;background_background&quot;:&quot;classic&quot;,&quot;jet_parallax_layout_list&quot;:[]}\">\n\t\t\t\t\t\t\t<div class=\"elementor-background-overlay\"><\/div>\n\t\t\t\t\t\t\t<div class=\"elementor-container elementor-column-gap-default\">\n\t\t\t\t\t<div class=\"elementor-column elementor-col-100 elementor-top-column elementor-element elementor-element-8aff636\" data-id=\"8aff636\" data-element_type=\"column\" data-e-type=\"column\">\n\t\t\t<div class=\"elementor-widget-wrap elementor-element-populated\">\n\t\t\t\t\t\t<div class=\"elementor-element elementor-element-13d80e2d elementor-widget__width-auto elementor-invisible elementor-widget elementor-widget-heading\" data-id=\"13d80e2d\" data-element_type=\"widget\" data-e-type=\"widget\" data-settings=\"{&quot;_animation&quot;:&quot;fadeInLeft&quot;}\" data-widget_type=\"heading.default\">\n\t\t\t\t<div class=\"elementor-widget-container\">\n\t\t\t\t\t<h1 class=\"elementor-heading-title elementor-size-default\">Strand &amp; Party Pakete<\/h1>\t\t\t\t<\/div>\n\t\t\t\t<\/div>\n\t\t\t\t\t<\/div>\n\t\t<\/div>\n\t\t\t\t\t<\/div>\n\t\t<\/section>\n\t\t<div class=\"elementor-element elementor-element-bf2ed2a e-flex e-con-boxed e-con e-parent\" data-id=\"bf2ed2a\" data-element_type=\"container\" data-e-type=\"container\" data-settings=\"{&quot;jet_parallax_layout_list&quot;:[]}\">\n\t\t\t\t\t<div class=\"e-con-inner\">\n\t\t\t\t<div class=\"elementor-element elementor-element-8d8fb83 elementor-widget elementor-widget-heading\" data-id=\"8d8fb83\" data-element_type=\"widget\" data-e-type=\"widget\" data-widget_type=\"heading.default\">\n\t\t\t\t<div class=\"elementor-widget-container\">\n\t\t\t\t\t<h2 class=\"elementor-heading-title elementor-size-default\">Strand &amp; Party Pakete<\/h2>\t\t\t\t<\/div>\n\t\t\t\t<\/div>\n\t\t\t\t<div class=\"elementor-element elementor-element-d0df410 elementor-widget elementor-widget-text-editor\" data-id=\"d0df410\" data-element_type=\"widget\" data-e-type=\"widget\" data-widget_type=\"text-editor.default\">\n\t\t\t\t<div class=\"elementor-widget-container\">\n\t\t\t\t\t\t\t\t\t<p style=\"text-align: center;\">Wenn du Strand, Entspannung und Nightlife kombinieren m\u00f6chtest, sind diese Pakete genau das Richtige f\u00fcr dich.<br data-start=\"1020\" data-end=\"1023\" \/>W\u00e4hle das passende Angebot und gestalte deinen Urlaub ganz nach deinem Geschmack:<br \/>reservierter Strandplatz, Eintritte in die besten Clubs und Services f\u00fcr einen sorgenfreien Sommer.<\/p>\t\t\t\t\t\t\t\t<\/div>\n\t\t\t\t<\/div>\n\t\t\t\t<div class=\"elementor-element elementor-element-0f403fc elementor-widget elementor-widget-heading\" data-id=\"0f403fc\" data-element_type=\"widget\" data-e-type=\"widget\" data-widget_type=\"heading.default\">\n\t\t\t\t<div class=\"elementor-widget-container\">\n\t\t\t\t\t<h3 class=\"elementor-heading-title elementor-size-default\">PAKET STRAND UND ENTSPANNUNG<\/h3>\t\t\t\t<\/div>\n\t\t\t\t<\/div>\n\t\t\t\t<div class=\"elementor-element elementor-element-c8dfeb2 upk-global-link-yes upk-primary-meta-end-position--yes elementor-widget elementor-widget-upk-alter-grid\" data-id=\"c8dfeb2\" data-element_type=\"widget\" data-e-type=\"widget\" data-widget_type=\"upk-alter-grid.default\">\n\t\t\t\t<div class=\"elementor-widget-container\">\n\t\t\t\t\t\n\t\t<div class=\"upk-alter-grid upk-ajax-grid\" data-loadmore=\"[]\">\n\t\t\t<div class=\"upk-post-grid upk-ajax-grid-wrap upk-style-1\">\n\n\t\t\t\t\n\t\t\t\t\t\t\t<div onclick=\"window.open(&#039;https:\/\/www.hotelmorfeo.com\/de\/offerta\/relax-strand\/&#039;, &#039;_self&#039;)\" class=\"upk-item\">\n\t\t\t<div class=\"upk-item-box\">\n\t\t\t\t<div class=\"upk-img-wrap\">\n\t\t\t\t\t<div class=\"upk-main-img\">\n\t\t\t\t\t\t<img fetchpriority=\"high\" decoding=\"async\" width=\"1920\" height=\"2560\" src=\"https:\/\/www.hotelmorfeo.com\/wp-content\/uploads\/2024\/04\/corretta-scaled-e1738238403820.jpg\" class=\"upk-img\" alt=\"Strand Inklusive\" \/>\t\t\t\t\t\t\t\t\t\t\t\t\t\t\t\t\t<\/div>\n\t\t\t\t<\/div>\n\n\t\t\t\t<div class=\"upk-content\">\n\t\t\t\t\t<div>\n\n\t\t\t\t\t\t\t\t<div class=\"upk-category\">\n\t\t\t\t\t<\/div>\n\t\n\t\t\t\t\t\t<h3 class=\"upk-title\"><a href=\"https:\/\/www.hotelmorfeo.com\/de\/offerta\/relax-strand\/\" title=\"Strand Inklusive\" class=\"title-animation-underline\" aria-label=\"Strand Inklusive\">Strand Inklusive<\/a><\/h3>\t\t\t\t\t\t<div class=\"upk-text-wrap\">\n\t\t\t\t\t\t\t\t\t<div class=\"upk-text\">\n\t\t\t<p>M\u00f6chtest du einen entspannten Urlaub voller Sonne, Meer und Komfort?Das Paket Strand Inklusive ist perfekt, wenn du deine Tage an<\/p>\n\t\t<\/div>\n\t\t\t\t\t\t\t\t\t\t\t\t\t\t\t<\/div>\n\n\t\t\t\t\t\t\n\t\t\t\t\t<\/div>\n\t\t\t\t<\/div>\n\n\t\t\t<\/div>\n\t\t<\/div>\n\t\n\t\t\t\t\t\t\t<\/div>\n\t\t<\/div>\n\n\t\t\n\t\t\t\t\t\t<\/div>\n\t\t\t\t<\/div>\n\t\t\t\t\t<\/div>\n\t\t\t\t<\/div>\n\t\t<div class=\"elementor-element elementor-element-caacdb0 e-flex e-con-boxed e-con e-parent\" data-id=\"caacdb0\" data-element_type=\"container\" data-e-type=\"container\" data-settings=\"{&quot;jet_parallax_layout_list&quot;:[]}\">\n\t\t\t\t\t<div class=\"e-con-inner\">\n\t\t\t\t<div class=\"elementor-element elementor-element-01c2921 elementor-widget elementor-widget-heading\" data-id=\"01c2921\" data-element_type=\"widget\" data-e-type=\"widget\" data-widget_type=\"heading.default\">\n\t\t\t\t<div class=\"elementor-widget-container\">\n\t\t\t\t\t<h3 class=\"elementor-heading-title elementor-size-default\">PARTY &amp; DISCO PAKET<\/h3>\t\t\t\t<\/div>\n\t\t\t\t<\/div>\n\t\t\t\t<div class=\"elementor-element elementor-element-e1a1fde upk-global-link-yes upk-primary-meta-end-position--yes elementor-widget elementor-widget-upk-alter-grid\" data-id=\"e1a1fde\" data-element_type=\"widget\" data-e-type=\"widget\" data-widget_type=\"upk-alter-grid.default\">\n\t\t\t\t<div class=\"elementor-widget-container\">\n\t\t\t\t\t\n\t\t<div class=\"upk-alter-grid upk-ajax-grid\" data-loadmore=\"[]\">\n\t\t\t<div class=\"upk-post-grid upk-ajax-grid-wrap upk-style-1\">\n\n\t\t\t\t\n\t\t\t\t\t\t\t<div onclick=\"window.open(&#039;https:\/\/www.hotelmorfeo.com\/de\/offerta\/carnaby-pack\/&#039;, &#039;_self&#039;)\" class=\"upk-item\">\n\t\t\t<div class=\"upk-item-box\">\n\t\t\t\t<div class=\"upk-img-wrap\">\n\t\t\t\t\t<div class=\"upk-main-img\">\n\t\t\t\t\t\t<img decoding=\"async\" width=\"2000\" height=\"1347\" src=\"https:\/\/www.hotelmorfeo.com\/wp-content\/uploads\/2024\/04\/easy-carnaby-e1714148997870.jpg\" class=\"upk-img\" alt=\"Carnaby Pack\" \/>\t\t\t\t\t\t\t\t\t\t\t\t\t\t\t\t\t<\/div>\n\t\t\t\t<\/div>\n\n\t\t\t\t<div class=\"upk-content\">\n\t\t\t\t\t<div>\n\n\t\t\t\t\t\t\t\t<div class=\"upk-category\">\n\t\t\t\t\t<\/div>\n\t\n\t\t\t\t\t\t<h3 class=\"upk-title\"><a href=\"https:\/\/www.hotelmorfeo.com\/de\/offerta\/carnaby-pack\/\" title=\"Carnaby Pack\" class=\"title-animation-underline\" aria-label=\"Carnaby Pack\">Carnaby Pack<\/a><\/h3>\t\t\t\t\t\t<div class=\"upk-text-wrap\">\n\t\t\t\t\t\t\t\t\t<div class=\"upk-text\">\n\t\t\t<p>Wenn du Rimini zwischen Partys, Strand und Freunden erleben m\u00f6chtest, ist dieses Paket genau richtig f\u00fcr dich.Buche mindestens 2 N\u00e4chte<\/p>\n\t\t<\/div>\n\t\t\t\t\t\t\t\t\t\t\t\t\t\t\t<\/div>\n\n\t\t\t\t\t\t\n\t\t\t\t\t<\/div>\n\t\t\t\t<\/div>\n\n\t\t\t<\/div>\n\t\t<\/div>\n\t\n\t\t\t\t\n\t\t\t\t\t\t\t<div onclick=\"window.open(&#039;https:\/\/www.hotelmorfeo.com\/de\/offerta\/party-vip\/&#039;, &#039;_self&#039;)\" class=\"upk-item\">\n\t\t\t<div class=\"upk-item-box\">\n\t\t\t\t<div class=\"upk-img-wrap\">\n\t\t\t\t\t<div class=\"upk-main-img\">\n\t\t\t\t\t\t<img decoding=\"async\" width=\"1920\" height=\"1080\" src=\"https:\/\/www.hotelmorfeo.com\/wp-content\/uploads\/2024\/02\/Party-e-Disco-Hotel-Morfeo-Header-e1743606459208.jpg\" class=\"upk-img\" alt=\"Party Like a V.I.P.\" \/>\t\t\t\t\t\t\t\t\t\t\t\t\t\t\t\t\t<\/div>\n\t\t\t\t<\/div>\n\n\t\t\t\t<div class=\"upk-content\">\n\t\t\t\t\t<div>\n\n\t\t\t\t\t\t\t\t<div class=\"upk-category\">\n\t\t\t\t\t<\/div>\n\t\n\t\t\t\t\t\t<h3 class=\"upk-title\"><a href=\"https:\/\/www.hotelmorfeo.com\/de\/offerta\/party-vip\/\" title=\"Party Like a V.I.P.\" class=\"title-animation-underline\" aria-label=\"Party Like a V.I.P.\">Party Like a V.I.P.<\/a><\/h3>\t\t\t\t\t\t<div class=\"upk-text-wrap\">\n\t\t\t\t\t\t\t\t\t<div class=\"upk-text\">\n\t\t\t<p>Wenn du die besten N\u00e4chte an der Riviera erleben m\u00f6chtest, ist dieses Paket genau das Richtige f\u00fcr dich.Buche mindestens 5<\/p>\n\t\t<\/div>\n\t\t\t\t\t\t\t\t\t\t\t\t\t\t\t<\/div>\n\n\t\t\t\t\t\t\n\t\t\t\t\t<\/div>\n\t\t\t\t<\/div>\n\n\t\t\t<\/div>\n\t\t<\/div>\n\t\n\t\t\t\t\t\t\t<\/div>\n\t\t<\/div>\n\n\t\t\n\t\t\t\t\t\t<\/div>\n\t\t\t\t<\/div>\n\t\t\t\t\t<\/div>\n\t\t\t\t<\/div>\n\t\t\t\t<\/div>\n\t\t","protected":false},"excerpt":{"rendered":"<p>Strand &amp; Party Pakete Strand &amp; Party Pakete Wenn du Strand, Entspannung und Nightlife kombinieren m\u00f6chtest, sind diese Pakete genau das Richtige f\u00fcr dich.W\u00e4hle das passende Angebot und gestalte deinen Urlaub ganz nach deinem Geschmack:reservierter Strandplatz, Eintritte in die besten Clubs und Services f\u00fcr einen sorgenfreien Sommer. PAKET STRAND UND ENTSPANNUNG Strand Inklusive M\u00f6chtest du [&hellip;]<\/p>\n","protected":false},"author":1,"featured_media":86359,"parent":0,"menu_order":0,"comment_status":"closed","ping_status":"closed","template":"elementor_header_footer","meta":{"_acf_changed":false,"footnotes":""},"class_list":["post-86552","page","type-page","status-publish","has-post-thumbnail","hentry"],"acf":[],"yoast_head":"<!-- This site is optimized with the Yoast SEO plugin v27.2 - https:\/\/yoast.com\/product\/yoast-seo-wordpress\/ -->\n<title>Strand &amp; Party Pakete Rimini \u2013 Hotel Morfeo Fun Hotel<\/title>\n<meta name=\"description\" content=\"Entdecke die Strand &amp; Party Pakete im Hotel Morfeo: reservierter Strandplatz, Clubeintritte und Services f\u00fcr einen sorgenfreien Sommer.\" \/>\n<meta name=\"robots\" content=\"index, follow, max-snippet:-1, max-image-preview:large, max-video-preview:-1\" \/>\n<link rel=\"canonical\" href=\"https:\/\/www.hotelmorfeo.com\/de\/angebote\/\" \/>\n<meta property=\"og:locale\" content=\"de_DE\" \/>\n<meta property=\"og:type\" content=\"article\" \/>\n<meta property=\"og:title\" content=\"Strand &amp; Party Pakete Rimini \u2013 Hotel Morfeo Fun Hotel\" \/>\n<meta property=\"og:description\" content=\"Entdecke die Strand &amp; Party Pakete im Hotel Morfeo: reservierter Strandplatz, Clubeintritte und Services f\u00fcr einen sorgenfreien Sommer.\" \/>\n<meta property=\"og:url\" content=\"https:\/\/www.hotelmorfeo.com\/de\/angebote\/\" \/>\n<meta property=\"og:site_name\" content=\"Hotel Morfeo\" \/>\n<meta property=\"article:modified_time\" content=\"2025-11-28T10:16:01+00:00\" \/>\n<meta property=\"og:image\" content=\"https:\/\/www.hotelmorfeo.com\/wp-content\/uploads\/2024\/03\/Slide-iniziale-scaled.jpg\" \/>\n\t<meta property=\"og:image:width\" content=\"2560\" \/>\n\t<meta property=\"og:image:height\" content=\"1707\" \/>\n\t<meta property=\"og:image:type\" content=\"image\/jpeg\" \/>\n<meta name=\"twitter:card\" content=\"summary_large_image\" \/>\n<meta name=\"twitter:label1\" content=\"Gesch\u00e4tzte Lesezeit\" \/>\n\t<meta name=\"twitter:data1\" content=\"2\u00a0Minuten\" \/>\n<script type=\"application\/ld+json\" class=\"yoast-schema-graph\">{\"@context\":\"https:\/\/schema.org\",\"@graph\":[{\"@type\":\"WebPage\",\"@id\":\"https:\/\/www.hotelmorfeo.com\/de\/angebote\/\",\"url\":\"https:\/\/www.hotelmorfeo.com\/de\/angebote\/\",\"name\":\"Strand & Party Pakete Rimini \u2013 Hotel Morfeo Fun Hotel\",\"isPartOf\":{\"@id\":\"https:\/\/www.hotelmorfeo.com\/de\/#website\"},\"primaryImageOfPage\":{\"@id\":\"https:\/\/www.hotelmorfeo.com\/de\/angebote\/#primaryimage\"},\"image\":{\"@id\":\"https:\/\/www.hotelmorfeo.com\/de\/angebote\/#primaryimage\"},\"thumbnailUrl\":\"https:\/\/www.hotelmorfeo.com\/wp-content\/uploads\/2024\/03\/Slide-iniziale-scaled.jpg\",\"datePublished\":\"2024-02-25T15:28:11+00:00\",\"dateModified\":\"2025-11-28T10:16:01+00:00\",\"description\":\"Entdecke die Strand & Party Pakete im Hotel Morfeo: reservierter Strandplatz, Clubeintritte und Services f\u00fcr einen sorgenfreien Sommer.\",\"breadcrumb\":{\"@id\":\"https:\/\/www.hotelmorfeo.com\/de\/angebote\/#breadcrumb\"},\"inLanguage\":\"de\",\"potentialAction\":[{\"@type\":\"ReadAction\",\"target\":[\"https:\/\/www.hotelmorfeo.com\/de\/angebote\/\"]}]},{\"@type\":\"ImageObject\",\"inLanguage\":\"de\",\"@id\":\"https:\/\/www.hotelmorfeo.com\/de\/angebote\/#primaryimage\",\"url\":\"https:\/\/www.hotelmorfeo.com\/wp-content\/uploads\/2024\/03\/Slide-iniziale-scaled.jpg\",\"contentUrl\":\"https:\/\/www.hotelmorfeo.com\/wp-content\/uploads\/2024\/03\/Slide-iniziale-scaled.jpg\",\"width\":2560,\"height\":1707},{\"@type\":\"BreadcrumbList\",\"@id\":\"https:\/\/www.hotelmorfeo.com\/de\/angebote\/#breadcrumb\",\"itemListElement\":[{\"@type\":\"ListItem\",\"position\":1,\"name\":\"Home\",\"item\":\"https:\/\/www.hotelmorfeo.com\/de\/homepage-2\/\"},{\"@type\":\"ListItem\",\"position\":2,\"name\":\"Angebote\"}]},{\"@type\":\"WebSite\",\"@id\":\"https:\/\/www.hotelmorfeo.com\/de\/#website\",\"url\":\"https:\/\/www.hotelmorfeo.com\/de\/\",\"name\":\"Hotel Morfeo\",\"description\":\"Hotel 3 stelle per giovani in Riviera\",\"potentialAction\":[{\"@type\":\"SearchAction\",\"target\":{\"@type\":\"EntryPoint\",\"urlTemplate\":\"https:\/\/www.hotelmorfeo.com\/de\/?s={search_term_string}\"},\"query-input\":{\"@type\":\"PropertyValueSpecification\",\"valueRequired\":true,\"valueName\":\"search_term_string\"}}],\"inLanguage\":\"de\"}]}<\/script>\n<!-- \/ Yoast SEO plugin. -->","yoast_head_json":{"title":"Strand & Party Pakete Rimini \u2013 Hotel Morfeo Fun Hotel","description":"Entdecke die Strand & Party Pakete im Hotel Morfeo: reservierter Strandplatz, Clubeintritte und Services f\u00fcr einen sorgenfreien Sommer.","robots":{"index":"index","follow":"follow","max-snippet":"max-snippet:-1","max-image-preview":"max-image-preview:large","max-video-preview":"max-video-preview:-1"},"canonical":"https:\/\/www.hotelmorfeo.com\/de\/angebote\/","og_locale":"de_DE","og_type":"article","og_title":"Strand & Party Pakete Rimini \u2013 Hotel Morfeo Fun Hotel","og_description":"Entdecke die Strand & Party Pakete im Hotel Morfeo: reservierter Strandplatz, Clubeintritte und Services f\u00fcr einen sorgenfreien Sommer.","og_url":"https:\/\/www.hotelmorfeo.com\/de\/angebote\/","og_site_name":"Hotel Morfeo","article_modified_time":"2025-11-28T10:16:01+00:00","og_image":[{"width":2560,"height":1707,"url":"https:\/\/www.hotelmorfeo.com\/wp-content\/uploads\/2024\/03\/Slide-iniziale-scaled.jpg","type":"image\/jpeg"}],"twitter_card":"summary_large_image","twitter_misc":{"Gesch\u00e4tzte Lesezeit":"2\u00a0Minuten"},"schema":{"@context":"https:\/\/schema.org","@graph":[{"@type":"WebPage","@id":"https:\/\/www.hotelmorfeo.com\/de\/angebote\/","url":"https:\/\/www.hotelmorfeo.com\/de\/angebote\/","name":"Strand & Party Pakete Rimini \u2013 Hotel Morfeo Fun Hotel","isPartOf":{"@id":"https:\/\/www.hotelmorfeo.com\/de\/#website"},"primaryImageOfPage":{"@id":"https:\/\/www.hotelmorfeo.com\/de\/angebote\/#primaryimage"},"image":{"@id":"https:\/\/www.hotelmorfeo.com\/de\/angebote\/#primaryimage"},"thumbnailUrl":"https:\/\/www.hotelmorfeo.com\/wp-content\/uploads\/2024\/03\/Slide-iniziale-scaled.jpg","datePublished":"2024-02-25T15:28:11+00:00","dateModified":"2025-11-28T10:16:01+00:00","description":"Entdecke die Strand & Party Pakete im Hotel Morfeo: reservierter Strandplatz, Clubeintritte und Services f\u00fcr einen sorgenfreien Sommer.","breadcrumb":{"@id":"https:\/\/www.hotelmorfeo.com\/de\/angebote\/#breadcrumb"},"inLanguage":"de","potentialAction":[{"@type":"ReadAction","target":["https:\/\/www.hotelmorfeo.com\/de\/angebote\/"]}]},{"@type":"ImageObject","inLanguage":"de","@id":"https:\/\/www.hotelmorfeo.com\/de\/angebote\/#primaryimage","url":"https:\/\/www.hotelmorfeo.com\/wp-content\/uploads\/2024\/03\/Slide-iniziale-scaled.jpg","contentUrl":"https:\/\/www.hotelmorfeo.com\/wp-content\/uploads\/2024\/03\/Slide-iniziale-scaled.jpg","width":2560,"height":1707},{"@type":"BreadcrumbList","@id":"https:\/\/www.hotelmorfeo.com\/de\/angebote\/#breadcrumb","itemListElement":[{"@type":"ListItem","position":1,"name":"Home","item":"https:\/\/www.hotelmorfeo.com\/de\/homepage-2\/"},{"@type":"ListItem","position":2,"name":"Angebote"}]},{"@type":"WebSite","@id":"https:\/\/www.hotelmorfeo.com\/de\/#website","url":"https:\/\/www.hotelmorfeo.com\/de\/","name":"Hotel Morfeo","description":"Hotel 3 stelle per giovani in Riviera","potentialAction":[{"@type":"SearchAction","target":{"@type":"EntryPoint","urlTemplate":"https:\/\/www.hotelmorfeo.com\/de\/?s={search_term_string}"},"query-input":{"@type":"PropertyValueSpecification","valueRequired":true,"valueName":"search_term_string"}}],"inLanguage":"de"}]}},"_links":{"self":[{"href":"https:\/\/www.hotelmorfeo.com\/de\/wp-json\/wp\/v2\/pages\/86552","targetHints":{"allow":["GET"]}}],"collection":[{"href":"https:\/\/www.hotelmorfeo.com\/de\/wp-json\/wp\/v2\/pages"}],"about":[{"href":"https:\/\/www.hotelmorfeo.com\/de\/wp-json\/wp\/v2\/types\/page"}],"author":[{"embeddable":true,"href":"https:\/\/www.hotelmorfeo.com\/de\/wp-json\/wp\/v2\/users\/1"}],"replies":[{"embeddable":true,"href":"https:\/\/www.hotelmorfeo.com\/de\/wp-json\/wp\/v2\/comments?post=86552"}],"version-history":[{"count":77,"href":"https:\/\/www.hotelmorfeo.com\/de\/wp-json\/wp\/v2\/pages\/86552\/revisions"}],"predecessor-version":[{"id":92389,"href":"https:\/\/www.hotelmorfeo.com\/de\/wp-json\/wp\/v2\/pages\/86552\/revisions\/92389"}],"wp:featuredmedia":[{"embeddable":true,"href":"https:\/\/www.hotelmorfeo.com\/de\/wp-json\/wp\/v2\/media\/86359"}],"wp:attachment":[{"href":"https:\/\/www.hotelmorfeo.com\/de\/wp-json\/wp\/v2\/media?parent=86552"}],"curies":[{"name":"wp","href":"https:\/\/api.w.org\/{rel}","templated":true}]}}