{"id":86576,"date":"2024-03-15T22:55:52","date_gmt":"2024-03-15T22:55:52","guid":{"rendered":"https:\/\/www.hotelmorfeo.com\/sie-muessen-das-angebot-anfordern\/"},"modified":"2025-01-13T10:30:33","modified_gmt":"2025-01-13T10:30:33","slug":"sie-muessen-das-angebot-anfordern","status":"publish","type":"page","link":"https:\/\/www.hotelmorfeo.com\/de\/sie-muessen-das-angebot-anfordern\/","title":{"rendered":"Sie m\u00fcssen das Angebot anfordern"},"content":{"rendered":"\t\t<div data-elementor-type=\"wp-page\" data-elementor-id=\"86576\" class=\"elementor elementor-86576 elementor-85551\" data-elementor-post-type=\"page\">\n\t\t\t\t\t\t<section class=\"elementor-section elementor-top-section elementor-element elementor-element-5c8f7a2c elementor-section-boxed elementor-section-height-default elementor-section-height-default\" data-id=\"5c8f7a2c\" data-element_type=\"section\" data-e-type=\"section\" data-settings=\"{&quot;background_background&quot;:&quot;classic&quot;,&quot;jet_parallax_layout_list&quot;:[]}\">\n\t\t\t\t\t\t\t<div class=\"elementor-background-overlay\"><\/div>\n\t\t\t\t\t\t\t<div class=\"elementor-container elementor-column-gap-default\">\n\t\t\t\t\t<div class=\"elementor-column elementor-col-100 elementor-top-column elementor-element elementor-element-57d66c4c\" data-id=\"57d66c4c\" data-element_type=\"column\" data-e-type=\"column\">\n\t\t\t<div class=\"elementor-widget-wrap elementor-element-populated\">\n\t\t\t\t\t\t<div class=\"elementor-element elementor-element-fb0e9fb elementor-widget__width-auto elementor-invisible elementor-widget elementor-widget-heading\" data-id=\"fb0e9fb\" data-element_type=\"widget\" data-e-type=\"widget\" data-settings=\"{&quot;_animation&quot;:&quot;fadeInLeft&quot;}\" data-widget_type=\"heading.default\">\n\t\t\t\t<div class=\"elementor-widget-container\">\n\t\t\t\t\t<h1 class=\"elementor-heading-title elementor-size-default\">Fordere dein Angebot an<\/h1>\t\t\t\t<\/div>\n\t\t\t\t<\/div>\n\t\t\t\t\t<\/div>\n\t\t<\/div>\n\t\t\t\t\t<\/div>\n\t\t<\/section>\n\t\t<div class=\"elementor-element elementor-element-36e2945 e-flex e-con-boxed e-con e-parent\" data-id=\"36e2945\" data-element_type=\"container\" data-e-type=\"container\" data-settings=\"{&quot;jet_parallax_layout_list&quot;:[]}\">\n\t\t\t\t\t<div class=\"e-con-inner\">\n\t\t\t\t<div class=\"elementor-element elementor-element-fd4da0a elementor-widget elementor-widget-heading\" data-id=\"fd4da0a\" data-element_type=\"widget\" data-e-type=\"widget\" data-widget_type=\"heading.default\">\n\t\t\t\t<div class=\"elementor-widget-container\">\n\t\t\t\t\t<h2 class=\"elementor-heading-title elementor-size-default\">Fordere dein Angebot an und feiere deinen Urlaub mit uns!<\/h2>\t\t\t\t<\/div>\n\t\t\t\t<\/div>\n\t\t\t\t<div class=\"elementor-element elementor-element-78eb9f5 elementor-widget elementor-widget-text-editor\" data-id=\"78eb9f5\" data-element_type=\"widget\" data-e-type=\"widget\" data-widget_type=\"text-editor.default\">\n\t\t\t\t<div class=\"elementor-widget-container\">\n\t\t\t\t\t\t\t\t\t<p>Gib die Daten ein, w\u00e4hle den Zimmertyp aus und sag uns, ob du nur Fr\u00fchst\u00fcck oder auch Abendessen m\u00f6chtest.<br \/>Wir schicken dir so schnell wie m\u00f6glich eine MAIL mit ein paar Vorschl\u00e4gen, die genau zu deinen W\u00fcnschen passen.<\/p>\t\t\t\t\t\t\t\t<\/div>\n\t\t\t\t<\/div>\n\t\t\t\t<div class=\"elementor-element elementor-element-3648ae9 elementor-widget elementor-widget-heading\" data-id=\"3648ae9\" data-element_type=\"widget\" data-e-type=\"widget\" data-widget_type=\"heading.default\">\n\t\t\t\t<div class=\"elementor-widget-container\">\n\t\t\t\t\t<h4 class=\"elementor-heading-title elementor-size-default\">Wie ist dein \"Style\"?<\/h4>\t\t\t\t<\/div>\n\t\t\t\t<\/div>\n\t\t\t\t<div class=\"elementor-element elementor-element-d28df3f elementor-widget elementor-widget-text-editor\" data-id=\"d28df3f\" data-element_type=\"widget\" data-e-type=\"widget\" data-widget_type=\"text-editor.default\">\n\t\t\t\t<div class=\"elementor-widget-container\">\n\t\t\t\t\t\t\t\t\t<p>VERGISS NICHT, in das Formular deinen URLAUBSSTIL einzutragen:<br \/>Bist du der PARTY-Typ, der auf Clubs und Aperitifs steht?<br \/>Oder bevorzugst du RELAX am Strand, Yoga bei Sonnenaufgang oder ein gutes Buch unter dem Sonnenschirm?<br \/>Oder liebst du SPORT &amp; WELLNESS, wie Fahrradfahren, Beachvolleyball, Ausfl\u00fcge und Joggen am Meer?<\/p><p>SCHREIB ES UNS und wir schicken dir das beste Angebot, perfekt auf dich abgestimmt, f\u00fcr das HOTEL MORFEO by Young People Hotels!<\/p>\t\t\t\t\t\t\t\t<\/div>\n\t\t\t\t<\/div>\n\t\t\t\t<div class=\"elementor-element elementor-element-33ee1f8 elementor-widget elementor-widget-shortcode\" data-id=\"33ee1f8\" data-element_type=\"widget\" data-e-type=\"widget\" data-widget_type=\"shortcode.default\">\n\t\t\t\t<div class=\"elementor-widget-container\">\n\t\t\t\t\t\t\t<div class=\"elementor-shortcode\"><iframe src=\"https:\/\/booking.passepartout.cloud\/booking\/formv1?oidPortale=15971&amp;lingua=de\" width=\"100%\" height=\"800px\" title=\"Richiedi preventivo ITA\"><\/iframe><\/div>\n\t\t\t\t\t\t<\/div>\n\t\t\t\t<\/div>\n\t\t\t\t\t<\/div>\n\t\t\t\t<\/div>\n\t\t\t\t<\/div>\n\t\t","protected":false},"excerpt":{"rendered":"<p>Fordere dein Angebot an Fordere dein Angebot an und feiere deinen Urlaub mit uns! Gib die Daten ein, w\u00e4hle den Zimmertyp aus und sag uns, ob du nur Fr\u00fchst\u00fcck oder auch Abendessen m\u00f6chtest.Wir schicken dir so schnell wie m\u00f6glich eine MAIL mit ein paar Vorschl\u00e4gen, die genau zu deinen W\u00fcnschen passen. Wie ist dein &#8222;Style&#8220;? [&hellip;]<\/p>\n","protected":false},"author":1,"featured_media":0,"parent":0,"menu_order":0,"comment_status":"closed","ping_status":"closed","template":"elementor_header_footer","meta":{"_acf_changed":false,"footnotes":""},"class_list":["post-86576","page","type-page","status-publish","hentry"],"acf":[],"yoast_head":"<!-- This site is optimized with the Yoast SEO plugin v27.2 - https:\/\/yoast.com\/product\/yoast-seo-wordpress\/ -->\n<title>Urlaubsangebot 3-Sterne-Hotel Rivazzurra di Rimini<\/title>\n<meta name=\"description\" content=\"Fordern Sie Ihr pers\u00f6nliches Angebot f\u00fcr einen Urlaub in einem 3-Sterne-Hotel in Rivazzurra di Rimini an: W\u00e4hlen Sie das Paket, sagen Sie uns, welcher Typ Sie sind, und wir senden Ihnen unser bestes Angebot.\" \/>\n<meta name=\"robots\" content=\"index, follow, max-snippet:-1, max-image-preview:large, max-video-preview:-1\" \/>\n<link rel=\"canonical\" href=\"https:\/\/www.hotelmorfeo.com\/de\/sie-muessen-das-angebot-anfordern\/\" \/>\n<meta property=\"og:locale\" content=\"de_DE\" \/>\n<meta property=\"og:type\" content=\"article\" \/>\n<meta property=\"og:title\" content=\"Urlaubsangebot 3-Sterne-Hotel Rivazzurra di Rimini\" \/>\n<meta property=\"og:description\" content=\"Fordern Sie Ihr pers\u00f6nliches Angebot f\u00fcr einen Urlaub in einem 3-Sterne-Hotel in Rivazzurra di Rimini an: W\u00e4hlen Sie das Paket, sagen Sie uns, welcher Typ Sie sind, und wir senden Ihnen unser bestes Angebot.\" \/>\n<meta property=\"og:url\" content=\"https:\/\/www.hotelmorfeo.com\/de\/sie-muessen-das-angebot-anfordern\/\" \/>\n<meta property=\"og:site_name\" content=\"Hotel Morfeo\" \/>\n<meta property=\"article:modified_time\" content=\"2025-01-13T10:30:33+00:00\" \/>\n<meta name=\"twitter:card\" content=\"summary_large_image\" \/>\n<meta name=\"twitter:label1\" content=\"Gesch\u00e4tzte Lesezeit\" \/>\n\t<meta name=\"twitter:data1\" content=\"1\u00a0Minute\" \/>\n<script type=\"application\/ld+json\" class=\"yoast-schema-graph\">{\"@context\":\"https:\/\/schema.org\",\"@graph\":[{\"@type\":\"WebPage\",\"@id\":\"https:\/\/www.hotelmorfeo.com\/de\/sie-muessen-das-angebot-anfordern\/\",\"url\":\"https:\/\/www.hotelmorfeo.com\/de\/sie-muessen-das-angebot-anfordern\/\",\"name\":\"Urlaubsangebot 3-Sterne-Hotel Rivazzurra di Rimini\",\"isPartOf\":{\"@id\":\"https:\/\/www.hotelmorfeo.com\/de\/#website\"},\"datePublished\":\"2024-03-15T22:55:52+00:00\",\"dateModified\":\"2025-01-13T10:30:33+00:00\",\"description\":\"Fordern Sie Ihr pers\u00f6nliches Angebot f\u00fcr einen Urlaub in einem 3-Sterne-Hotel in Rivazzurra di Rimini an: W\u00e4hlen Sie das Paket, sagen Sie uns, welcher Typ Sie sind, und wir senden Ihnen unser bestes Angebot.\",\"breadcrumb\":{\"@id\":\"https:\/\/www.hotelmorfeo.com\/de\/sie-muessen-das-angebot-anfordern\/#breadcrumb\"},\"inLanguage\":\"de\",\"potentialAction\":[{\"@type\":\"ReadAction\",\"target\":[\"https:\/\/www.hotelmorfeo.com\/de\/sie-muessen-das-angebot-anfordern\/\"]}]},{\"@type\":\"BreadcrumbList\",\"@id\":\"https:\/\/www.hotelmorfeo.com\/de\/sie-muessen-das-angebot-anfordern\/#breadcrumb\",\"itemListElement\":[{\"@type\":\"ListItem\",\"position\":1,\"name\":\"Home\",\"item\":\"https:\/\/www.hotelmorfeo.com\/de\/homepage-2\/\"},{\"@type\":\"ListItem\",\"position\":2,\"name\":\"Sie m\u00fcssen das Angebot anfordern\"}]},{\"@type\":\"WebSite\",\"@id\":\"https:\/\/www.hotelmorfeo.com\/de\/#website\",\"url\":\"https:\/\/www.hotelmorfeo.com\/de\/\",\"name\":\"Hotel Morfeo\",\"description\":\"Hotel 3 stelle per giovani in Riviera\",\"potentialAction\":[{\"@type\":\"SearchAction\",\"target\":{\"@type\":\"EntryPoint\",\"urlTemplate\":\"https:\/\/www.hotelmorfeo.com\/de\/?s={search_term_string}\"},\"query-input\":{\"@type\":\"PropertyValueSpecification\",\"valueRequired\":true,\"valueName\":\"search_term_string\"}}],\"inLanguage\":\"de\"}]}<\/script>\n<!-- \/ Yoast SEO plugin. -->","yoast_head_json":{"title":"Urlaubsangebot 3-Sterne-Hotel Rivazzurra di Rimini","description":"Fordern Sie Ihr pers\u00f6nliches Angebot f\u00fcr einen Urlaub in einem 3-Sterne-Hotel in Rivazzurra di Rimini an: W\u00e4hlen Sie das Paket, sagen Sie uns, welcher Typ Sie sind, und wir senden Ihnen unser bestes Angebot.","robots":{"index":"index","follow":"follow","max-snippet":"max-snippet:-1","max-image-preview":"max-image-preview:large","max-video-preview":"max-video-preview:-1"},"canonical":"https:\/\/www.hotelmorfeo.com\/de\/sie-muessen-das-angebot-anfordern\/","og_locale":"de_DE","og_type":"article","og_title":"Urlaubsangebot 3-Sterne-Hotel Rivazzurra di Rimini","og_description":"Fordern Sie Ihr pers\u00f6nliches Angebot f\u00fcr einen Urlaub in einem 3-Sterne-Hotel in Rivazzurra di Rimini an: W\u00e4hlen Sie das Paket, sagen Sie uns, welcher Typ Sie sind, und wir senden Ihnen unser bestes Angebot.","og_url":"https:\/\/www.hotelmorfeo.com\/de\/sie-muessen-das-angebot-anfordern\/","og_site_name":"Hotel Morfeo","article_modified_time":"2025-01-13T10:30:33+00:00","twitter_card":"summary_large_image","twitter_misc":{"Gesch\u00e4tzte Lesezeit":"1\u00a0Minute"},"schema":{"@context":"https:\/\/schema.org","@graph":[{"@type":"WebPage","@id":"https:\/\/www.hotelmorfeo.com\/de\/sie-muessen-das-angebot-anfordern\/","url":"https:\/\/www.hotelmorfeo.com\/de\/sie-muessen-das-angebot-anfordern\/","name":"Urlaubsangebot 3-Sterne-Hotel Rivazzurra di Rimini","isPartOf":{"@id":"https:\/\/www.hotelmorfeo.com\/de\/#website"},"datePublished":"2024-03-15T22:55:52+00:00","dateModified":"2025-01-13T10:30:33+00:00","description":"Fordern Sie Ihr pers\u00f6nliches Angebot f\u00fcr einen Urlaub in einem 3-Sterne-Hotel in Rivazzurra di Rimini an: W\u00e4hlen Sie das Paket, sagen Sie uns, welcher Typ Sie sind, und wir senden Ihnen unser bestes Angebot.","breadcrumb":{"@id":"https:\/\/www.hotelmorfeo.com\/de\/sie-muessen-das-angebot-anfordern\/#breadcrumb"},"inLanguage":"de","potentialAction":[{"@type":"ReadAction","target":["https:\/\/www.hotelmorfeo.com\/de\/sie-muessen-das-angebot-anfordern\/"]}]},{"@type":"BreadcrumbList","@id":"https:\/\/www.hotelmorfeo.com\/de\/sie-muessen-das-angebot-anfordern\/#breadcrumb","itemListElement":[{"@type":"ListItem","position":1,"name":"Home","item":"https:\/\/www.hotelmorfeo.com\/de\/homepage-2\/"},{"@type":"ListItem","position":2,"name":"Sie m\u00fcssen das Angebot anfordern"}]},{"@type":"WebSite","@id":"https:\/\/www.hotelmorfeo.com\/de\/#website","url":"https:\/\/www.hotelmorfeo.com\/de\/","name":"Hotel Morfeo","description":"Hotel 3 stelle per giovani in Riviera","potentialAction":[{"@type":"SearchAction","target":{"@type":"EntryPoint","urlTemplate":"https:\/\/www.hotelmorfeo.com\/de\/?s={search_term_string}"},"query-input":{"@type":"PropertyValueSpecification","valueRequired":true,"valueName":"search_term_string"}}],"inLanguage":"de"}]}},"_links":{"self":[{"href":"https:\/\/www.hotelmorfeo.com\/de\/wp-json\/wp\/v2\/pages\/86576","targetHints":{"allow":["GET"]}}],"collection":[{"href":"https:\/\/www.hotelmorfeo.com\/de\/wp-json\/wp\/v2\/pages"}],"about":[{"href":"https:\/\/www.hotelmorfeo.com\/de\/wp-json\/wp\/v2\/types\/page"}],"author":[{"embeddable":true,"href":"https:\/\/www.hotelmorfeo.com\/de\/wp-json\/wp\/v2\/users\/1"}],"replies":[{"embeddable":true,"href":"https:\/\/www.hotelmorfeo.com\/de\/wp-json\/wp\/v2\/comments?post=86576"}],"version-history":[{"count":9,"href":"https:\/\/www.hotelmorfeo.com\/de\/wp-json\/wp\/v2\/pages\/86576\/revisions"}],"predecessor-version":[{"id":89120,"href":"https:\/\/www.hotelmorfeo.com\/de\/wp-json\/wp\/v2\/pages\/86576\/revisions\/89120"}],"wp:attachment":[{"href":"https:\/\/www.hotelmorfeo.com\/de\/wp-json\/wp\/v2\/media?parent=86576"}],"curies":[{"name":"wp","href":"https:\/\/api.w.org\/{rel}","templated":true}]}}