{"id":86610,"date":"2024-02-07T00:22:14","date_gmt":"2024-02-07T00:22:14","guid":{"rendered":"https:\/\/www.hotelmorfeo.com\/homepage\/"},"modified":"2025-03-04T11:59:06","modified_gmt":"2025-03-04T11:59:06","slug":"homepage","status":"publish","type":"page","link":"https:\/\/www.hotelmorfeo.com\/de\/homepage\/","title":{"rendered":"Homepage"},"content":{"rendered":"<p>FUN HOTEL 18+<\/p>\n<p>GRUPPEN VON FREUNDEN, PAARE UND JUNGE LEUTE DRINNEN &amp; DRAUSSEN<\/p>\n<p>FR\u00dcHST\u00dcCKSBUFFET XL BIS 12.00 Uhr<\/p>\n<p>UND ALL YOU CAN EAT ABENDBUFFET <\/p>\n<p>GESTALTE DEINEN URLAUB!<\/p>\n<p>STRAND HINZUF\u00dcGEN, AUSFL\u00dcGE, DISCO, PARKS, EXPERIENCES <\/p>\n<p>COCKTAIL-BAR &amp; SOZIALE LOUNGE<\/p>\n<p>HAPPY HOUR JEDEN TAG <\/p>\n<p>SIE SAGEN \u00dcBER UNS<\/p>\n<p>ERFAHRUNG IM HOTEL MORFEO<\/p>\n<p>\t\t\t\t<svg aria-hidden=\"true\" viewBox=\"0 0 640 512\" xmlns=\"http:\/\/www.w3.org\/2000\/svg\"><path d=\"M621.16 54.46C582.37 38.19 543.55 32 504.75 32c-123.17-.01-246.33 62.34-369.5 62.34-30.89 0-61.76-3.92-92.65-13.72-3.47-1.1-6.95-1.62-10.35-1.62C15.04 79 0 92.32 0 110.81v317.26c0 12.63 7.23 24.6 18.84 29.46C57.63 473.81 96.45 480 135.25 480c123.17 0 246.34-62.35 369.51-62.35 30.89 0 61.76 3.92 92.65 13.72 3.47 1.1 6.95 1.62 10.35 1.62 17.21 0 32.25-13.32 32.25-31.81V83.93c-.01-12.64-7.24-24.6-18.85-29.47zM320 352c-44.19 0-80-42.99-80-96 0-53.02 35.82-96 80-96s80 42.98 80 96c0 53.03-35.83 96-80 96z\"><\/path><\/svg>\t\t\t\t<\/p>\n<h3>\n\t\t\t\t\t\t\tBuch jetzt<br \/>\n\t\t\t\t\t<\/h3>\n<p>Schon entschieden? Buch dein Zimmer sofort!<\/p>\n<h5>SCHNAPP DIR DEN PREIS!<br \/>\n<\/h5>\n<p>\t\t\t\t\t<a href=\"https:\/\/booking.passepartout.cloud\/booking?oidPortale=15971&#038;lingua=de\"><br \/>\n\t\t\t\t\t\t\t\t\tBUCH JETZT<br \/>\n\t\t\t\t\t<\/a><br \/>\n\t\t\t\t<svg aria-hidden=\"true\" viewBox=\"0 0 448 512\" xmlns=\"http:\/\/www.w3.org\/2000\/svg\"><path d=\"M148 288h-40c-6.6 0-12-5.4-12-12v-40c0-6.6 5.4-12 12-12h40c6.6 0 12 5.4 12 12v40c0 6.6-5.4 12-12 12zm108-12v-40c0-6.6-5.4-12-12-12h-40c-6.6 0-12 5.4-12 12v40c0 6.6 5.4 12 12 12h40c6.6 0 12-5.4 12-12zm96 0v-40c0-6.6-5.4-12-12-12h-40c-6.6 0-12 5.4-12 12v40c0 6.6 5.4 12 12 12h40c6.6 0 12-5.4 12-12zm-96 96v-40c0-6.6-5.4-12-12-12h-40c-6.6 0-12 5.4-12 12v40c0 6.6 5.4 12 12 12h40c6.6 0 12-5.4 12-12zm-96 0v-40c0-6.6-5.4-12-12-12h-40c-6.6 0-12 5.4-12 12v40c0 6.6 5.4 12 12 12h40c6.6 0 12-5.4 12-12zm192 0v-40c0-6.6-5.4-12-12-12h-40c-6.6 0-12 5.4-12 12v40c0 6.6 5.4 12 12 12h40c6.6 0 12-5.4 12-12zm96-260v352c0 26.5-21.5 48-48 48H48c-26.5 0-48-21.5-48-48V112c0-26.5 21.5-48 48-48h48V12c0-6.6 5.4-12 12-12h40c6.6 0 12 5.4 12 12v52h128V12c0-6.6 5.4-12 12-12h40c6.6 0 12 5.4 12 12v52h48c26.5 0 48 21.5 48 48zm-48 346V160H48v298c0 3.3 2.7 6 6 6h340c3.3 0 6-2.7 6-6z\"><\/path><\/svg>\t\t\t\t<\/p>\n<h3>\n\t\t\t\t\t\t\tAngebot anfordern<br \/>\n\t\t\t\t\t<\/h3>\n<p>Hast du dich noch nicht entschieden? Wir machen dir das beste Angebot!<\/p>\n<h5>OHNE VERPFLICHTUNG!<\/h5>\n<p>\t\t\t\t\t<a href=\"https:\/\/www.hotelmorfeo.com\/de\/sie-muessen-das-angebot-anfordern\/\"><br \/>\n\t\t\t\t\t\t\t\t\tEIN ENGEBT ANFORDERN<br \/>\n\t\t\t\t\t<\/a><br \/>\n\t\t\t\t\t\t\t\t\t\t\t\t\t\t\t<img fetchpriority=\"high\" decoding=\"async\" width=\"2496\" height=\"1314\" src=\"https:\/\/www.hotelmorfeo.com\/wp-content\/uploads\/2024\/03\/MORE-FUN-punti-di-forza-HOME-copia.jpg\" alt=\"\" srcset=\"https:\/\/www.hotelmorfeo.com\/wp-content\/uploads\/2024\/03\/MORE-FUN-punti-di-forza-HOME-copia.jpg 2496w, https:\/\/www.hotelmorfeo.com\/wp-content\/uploads\/2024\/03\/MORE-FUN-punti-di-forza-HOME-copia-300x158.jpg 300w, https:\/\/www.hotelmorfeo.com\/wp-content\/uploads\/2024\/03\/MORE-FUN-punti-di-forza-HOME-copia-1024x539.jpg 1024w, https:\/\/www.hotelmorfeo.com\/wp-content\/uploads\/2024\/03\/MORE-FUN-punti-di-forza-HOME-copia-768x404.jpg 768w, https:\/\/www.hotelmorfeo.com\/wp-content\/uploads\/2024\/03\/MORE-FUN-punti-di-forza-HOME-copia-1536x809.jpg 1536w, https:\/\/www.hotelmorfeo.com\/wp-content\/uploads\/2024\/03\/MORE-FUN-punti-di-forza-HOME-copia-2048x1078.jpg 2048w\" sizes=\"(max-width: 2496px) 100vw, 2496px\" \/><br \/>\n\t\t\t\t\t\t\t\t\t\t\t\t\t\t\t<img decoding=\"async\" width=\"1891\" height=\"2560\" src=\"https:\/\/www.hotelmorfeo.com\/wp-content\/uploads\/2024\/03\/Fronte-MORFEO-edit-scaled.jpg\" alt=\"\" srcset=\"https:\/\/www.hotelmorfeo.com\/wp-content\/uploads\/2024\/03\/Fronte-MORFEO-edit-scaled.jpg 1891w, https:\/\/www.hotelmorfeo.com\/wp-content\/uploads\/2024\/03\/Fronte-MORFEO-edit-222x300.jpg 222w, https:\/\/www.hotelmorfeo.com\/wp-content\/uploads\/2024\/03\/Fronte-MORFEO-edit-757x1024.jpg 757w, https:\/\/www.hotelmorfeo.com\/wp-content\/uploads\/2024\/03\/Fronte-MORFEO-edit-768x1039.jpg 768w, https:\/\/www.hotelmorfeo.com\/wp-content\/uploads\/2024\/03\/Fronte-MORFEO-edit-1135x1536.jpg 1135w, https:\/\/www.hotelmorfeo.com\/wp-content\/uploads\/2024\/03\/Fronte-MORFEO-edit-1513x2048.jpg 1513w\" sizes=\"(max-width: 1891px) 100vw, 1891px\" \/>\t\t\t\t\t\t\t\t\t\t\t\t\t\t\t<\/p>\n<h2>Partyhotel Rimini und Riccione<\/h2>\n<h1>Hotel Morfeo<\/h1>\n<p>\t\t\t\t\t\t\t\t\t\t\t\t\t\t\t<img decoding=\"async\" width=\"300\" height=\"70\" src=\"https:\/\/www.hotelmorfeo.com\/wp-content\/uploads\/2024\/03\/logo-yph-300x70.png\" alt=\"Young People hotels alberghi per giovani a Rimini e Riccione\" srcset=\"https:\/\/www.hotelmorfeo.com\/wp-content\/uploads\/2024\/03\/logo-yph-300x70.png 300w, https:\/\/www.hotelmorfeo.com\/wp-content\/uploads\/2024\/03\/logo-yph.png 397w\" sizes=\"(max-width: 300px) 100vw, 300px\" \/>\t\t\t\t\t\t\t\t\t\t\t\t\t\t\t<\/p>\n<p>Die <strong>Hotel Morfeo von Young People Hotels<\/strong> sind die ersten und einzigen Hotels an der Riviera Romagnola (und in Italien), die sich den Ferien der junggebliebenen Menschen widmen, innerlich und \u00e4u\u00dferlich!<\/p>\n<p>Genau zwischen Rimini und Riccione gelegen, ist hier alles auf das ultimative Urlaubserlebnis in all seinen Formen ausgerichtet: f\u00fcr Einzelpersonen, Paare oder Freundesgruppen, die alles erleben m\u00f6chten, was Rimini zu bieten hat: ENTSPANNUNG am STRAND, k\u00f6stliches und farbenfrohes ESSEN und COCKTAILS, lebendige UNTERHALTUNG sowohl im Hotel als auch am Strand, PARTY und NIGHTLIFE, AUSFL\u00dcGE und unvergessliche ERLEBNISSE.<\/p>\n<p>Hier ist unsere Formel: farbenfrohe und funktionale Zimmer, Fr\u00fchst\u00fccks- und Abendbuffet, Strandzugang inklusive, Unterhaltung, Nachtleben, Strandsport, Ausfl\u00fcge und vieles mehr, alles kombiniert mit Meer, Sonne und rund um die Uhr Spa\u00df!<\/p>\n<h2>Leistungen immer inklusive<\/h2>\n<figure><img loading=\"lazy\" decoding=\"async\" width=\"500\" height=\"500\" src=\"https:\/\/www.hotelmorfeo.com\/wp-content\/uploads\/2024\/02\/Wifi.png\" alt=\"\" \/><\/figure>\n<h3>Free WiFi<\/h3>\n<figure><img loading=\"lazy\" decoding=\"async\" width=\"500\" height=\"500\" src=\"https:\/\/www.hotelmorfeo.com\/wp-content\/uploads\/2024\/02\/Lucchetto.png\" alt=\"\" \/><\/figure>\n<h3>SAFE im Zimmer<\/h3>\n<figure><img loading=\"lazy\" decoding=\"async\" width=\"500\" height=\"500\" src=\"https:\/\/www.hotelmorfeo.com\/wp-content\/uploads\/2024\/02\/Campanella.png\" alt=\"\" \/><\/figure>\n<h3>Reception H24<\/h3>\n<figure><img loading=\"lazy\" decoding=\"async\" width=\"500\" height=\"500\" src=\"https:\/\/www.hotelmorfeo.com\/wp-content\/uploads\/2024\/02\/Tazza.png\" alt=\"\" \/><\/figure>\n<h3>Fr\u00fchst\u00fcck bis 12 Uhr<\/h3>\n<figure><img loading=\"lazy\" decoding=\"async\" width=\"500\" height=\"500\" src=\"https:\/\/www.hotelmorfeo.com\/wp-content\/uploads\/2024\/02\/Smile.png\" alt=\"\" \/><\/figure>\n<h3>Entertainment<\/h3>\n<figure><img loading=\"lazy\" decoding=\"async\" width=\"500\" height=\"500\" src=\"https:\/\/www.hotelmorfeo.com\/wp-content\/uploads\/2024\/02\/Bicicletta.png\" alt=\"\" \/><\/figure>\n<h3>Kostenloser fahrradverleih<\/h3>\n<figure><img loading=\"lazy\" decoding=\"async\" width=\"500\" height=\"500\" src=\"https:\/\/www.hotelmorfeo.com\/wp-content\/uploads\/2024\/02\/Fiocco-di-Neve.png\" alt=\"\" \/><\/figure>\n<h3> Klimaanlage<\/h3>\n<figure><img loading=\"lazy\" decoding=\"async\" width=\"500\" height=\"500\" src=\"https:\/\/www.hotelmorfeo.com\/wp-content\/uploads\/2024\/02\/Info.png\" alt=\"\" \/><\/figure>\n<h3>Urlaubsberater<\/h3>\n<h2>Dein Aufenthalt, genau so wie du ihn willst!<\/h2>\n<h3>\n\t\t\t\t\t\t\t\tBeach &amp; Relax\t\t\t\t\t\t\t<\/h3>\n<p>\t\t\t<a href=\"https:\/\/www.hotelmorfeo.com\/de\/strand-und-relax\/\"><\/p>\n<h3>\n\t\t\t\t\t\t\tBeach &amp; Relax\t\t\t\t\t\t<\/h3>\n<p>\t\t\t\t\t\t\tStehst du auf Strand, Baden und Aperitifs bei Sonnenuntergang? Schau dir unsere&#8230;<br \/>\n\t\t\t\t\t\t\tKlicken Sie<br \/>\n\t\t<\/a><\/p>\n<h3>\n\t\t\t\t\t\t\t\tParty &amp; Nightlife\t\t\t\t\t\t\t<\/h3>\n<p>\t\t\t<a href=\"https:\/\/www.hotelmorfeo.com\/de\/party-und-disco\/\"><\/p>\n<h3>\n\t\t\t\t\t\t\tParty &amp; Nightlife\t\t\t\t\t\t<\/h3>\n<p>\t\t\t\t\t\t\tSuchst du den Party-Vibe der Riviera? Wir zeigen dir die besten Locations in Rimini und Riccione!<br \/>\n\t\t\t\t\t\t\tKlicken Sie<br \/>\n\t\t<\/a><\/p>\n<h3>\n\t\t\t\t\t\t\t\tSport &amp; Wellness\t\t\t\t\t\t\t<\/h3>\n<p>\t\t\t<a href=\"https:\/\/www.hotelmorfeo.com\/category\/sport-wellness-de\/\"><\/p>\n<h3>\n\t\t\t\t\t\t\tSport &amp; Wellness\t\t\t\t\t\t<\/h3>\n<p>\t\t\t\t\t\t\tF\u00fcr die sportlicheren und aktiveren Typen,<br \/>\n\t\t\t\t\t\t\tKlicken Sie<br \/>\n\t\t<\/a><\/p>\n<h3>\n\t\t\t\t\t\t\t\tAusfl\u00fcge\t\t\t\t\t\t\t<\/h3>\n<p>\t\t\t<a href=\"https:\/\/www.hotelmorfeo.com\/category\/ausfluege\/\"><\/p>\n<h3>\n\t\t\t\t\t\t\tAusfl\u00fcge\t\t\t\t\t\t<\/h3>\n<p>\t\t\t\t\t\t\tEntdecke Rimini auf einer einzigartigen Reise mit uns&#8230;<br \/>\n\t\t\t\t\t\t\tKlicken Sie<br \/>\n\t\t<\/a><\/p>\n<h3>\n\t\t\t\t\t\t\t\tFood &#038; Kultur\t\t\t\t\t\t\t<\/h3>\n<p>\t\t\t<a href=\"https:\/\/www.hotelmorfeo.com\/category\/food-kultur-de\/\"><\/p>\n<h3>\n\t\t\t\t\t\t\tFood &#038; Kultur\t\t\t\t\t\t<\/h3>\n<p>\t\t\t\t\t\t\tEntdecke die kulinarischen K\u00f6stlichkeiten und Weine von Rimini&#8230;<br \/>\n\t\t\t\t\t\t\tKlicken Sie<br \/>\n\t\t<\/a><\/p>\n<h3>\n\t\t\t\t\t\t\t\tVeranstaltungen\t\t\t\t\t\t\t<\/h3>\n<p>\t\t\t<a href=\"https:\/\/www.hotelmorfeo.com\/category\/veranstaltungen\/\"><\/p>\n<h3>\n\t\t\t\t\t\t\tVeranstaltungen\t\t\t\t\t\t<\/h3>\n<p>\t\t\t\t\t\t\tKommen Sie und erleben Sie die vielen Veranstaltungen vom Hotel Morfeo und mehr an!<br \/>\n\t\t\t\t\t\t\tKlicken Sie<br \/>\n\t\t<\/a><\/p>\n<figure><img loading=\"lazy\" decoding=\"async\" width=\"1920\" height=\"1080\" src=\"https:\/\/www.hotelmorfeo.com\/wp-content\/uploads\/2024\/02\/Relax-e-Mare-Hotel-Morfeo-Header.jpg\" alt=\"\" \/><\/figure>\n<h3>Relax &amp; Strand<\/h3>\n<p>Stehst du auf Strand, Baden und Aperitifs bei Sonnenuntergang? Schau dir unsere&#8230;<\/p>\n<p>\t\t\t\t\t<a href=\"https:\/\/www.hotelmorfeo.com\/de\/strand-und-relax\/\"><br \/>\n\t\t\t\t\t\t\t\t\tentdecken<br \/>\n\t\t\t\t\t<\/a><\/p>\n<figure><img loading=\"lazy\" decoding=\"async\" width=\"1920\" height=\"1080\" src=\"https:\/\/www.hotelmorfeo.com\/wp-content\/uploads\/2024\/02\/Party-e-Disco-Hotel-Morfeo-Header.jpg\" alt=\"\" \/><\/figure>\n<h3>Party &amp; Nightlife<\/h3>\n<p>Suchst du den Party-Vibe der Riviera? Wir zeigen dir die besten Locations in Rimini und Riccione!\n<\/p>\n<p>\t\t\t\t\t<a href=\"https:\/\/www.hotelmorfeo.com\/de\/party-und-disco\/\"><br \/>\n\t\t\t\t\t\t\t\t\tentdecken<br \/>\n\t\t\t\t\t<\/a><\/p>\n<figure><img loading=\"lazy\" decoding=\"async\" width=\"1920\" height=\"1080\" src=\"https:\/\/www.hotelmorfeo.com\/wp-content\/uploads\/2024\/02\/Sport-e-Azione-Hotel-Morfeo-Header.jpg.png\" alt=\"\" \/><\/figure>\n<h3>Sport &amp; Wellness<\/h3>\n<p>F\u00fcr die sportlicheren und aktiveren Typen,<\/p>\n<p>\t\t\t\t\t<a href=\"https:\/\/www.hotelmorfeo.com\/category\/sport-wellness-de\/\"><br \/>\n\t\t\t\t\t\t\t\t\tentdecken<br \/>\n\t\t\t\t\t<\/a><\/p>\n<figure><img loading=\"lazy\" decoding=\"async\" width=\"2560\" height=\"1657\" src=\"https:\/\/www.hotelmorfeo.com\/wp-content\/uploads\/2025\/01\/ESCURSIONI-2-scaled-1.jpg\" alt=\"\" \/><\/figure>\n<h3>Ausfl\u00fcge<\/h3>\n<p>Entdecke Rimini auf einer einzigartigen Reise mit uns&#8230;<\/p>\n<p>\t\t\t\t\t<a href=\"https:\/\/www.hotelmorfeo.com\/category\/ausfluege\/\"><br \/>\n\t\t\t\t\t\t\t\t\tentdecken<br \/>\n\t\t\t\t\t<\/a><\/p>\n<figure><img loading=\"lazy\" decoding=\"async\" width=\"2560\" height=\"1707\" src=\"https:\/\/www.hotelmorfeo.com\/wp-content\/uploads\/2025\/01\/CIBO-CULTURA-scaled-1.jpg\" alt=\"\" \/><\/figure>\n<h3>Food &#038; Kultur<\/h3>\n<p>Entdecke die kulinarischen K\u00f6stlichkeiten und Weine von Rimini&#8230;<\/p>\n<p>\t\t\t\t\t<a href=\"https:\/\/www.hotelmorfeo.com\/category\/food-kultur-de\/\"><br \/>\n\t\t\t\t\t\t\t\t\tentdecken<br \/>\n\t\t\t\t\t<\/a><\/p>\n<figure><img loading=\"lazy\" decoding=\"async\" width=\"799\" height=\"533\" src=\"https:\/\/www.hotelmorfeo.com\/wp-content\/uploads\/2025\/01\/EVENTI-1.jpg\" alt=\"\" \/><\/figure>\n<h3>Veranstaltungen<\/h3>\n<p>Kommen Sie und erleben Sie die vielen Veranstaltungen vom Hotel Morfeo und mehr an!<\/p>\n<p>\t\t\t\t\t<a href=\"https:\/\/www.hotelmorfeo.com\/category\/veranstaltungen\/\"><br \/>\n\t\t\t\t\t\t\t\t\tentdecken<br \/>\n\t\t\t\t\t<\/a><br \/>\n\t\t\t\tNews and Blog<\/p>\n","protected":false},"excerpt":{"rendered":"<p>FUN HOTEL 18+ GRUPPEN VON FREUNDEN, PAARE UND JUNGE LEUTE DRINNEN &amp; DRAUSSEN FR\u00dcHST\u00dcCKSBUFFET XL BIS 12.00 Uhr UND ALL YOU CAN EAT ABENDBUFFET GESTALTE DEINEN URLAUB! STRAND HINZUF\u00dcGEN, AUSFL\u00dcGE, DISCO, PARKS, EXPERIENCES COCKTAIL-BAR &amp; SOZIALE LOUNGE HAPPY HOUR JEDEN TAG SIE SAGEN \u00dcBER UNS ERFAHRUNG IM HOTEL MORFEO Buch jetzt Schon entschieden? Buch dein [&hellip;]<\/p>\n","protected":false},"author":1,"featured_media":0,"parent":0,"menu_order":0,"comment_status":"closed","ping_status":"closed","template":"","meta":{"_acf_changed":false,"footnotes":""},"class_list":["post-86610","page","type-page","status-publish","hentry"],"acf":[],"yoast_head":"<!-- This site is optimized with the Yoast SEO plugin v27.2 - https:\/\/yoast.com\/product\/yoast-seo-wordpress\/ -->\n<title>3-Sterne-Hotel Rivazzurra di Rimini: f\u00fcr junge Leute, Gruppen und Paare \u2013 Hotel Morfeo<\/title>\n<meta name=\"description\" content=\"Das Hotel Morfeo ist das 3-Sterne-Hotel Rivazzurra in Rimini f\u00fcr junge Leute, Gruppen und Paare, die einen umfassenden Urlaub an der Riviera der Romagna erleben m\u00f6chten. Entdecken Sie die Leistungen und Erlebnisse.\" \/>\n<meta name=\"robots\" content=\"index, follow, max-snippet:-1, max-image-preview:large, max-video-preview:-1\" \/>\n<link rel=\"canonical\" href=\"https:\/\/www.hotelmorfeo.com\/de\/homepage\/\" \/>\n<meta property=\"og:locale\" content=\"de_DE\" \/>\n<meta property=\"og:type\" content=\"article\" \/>\n<meta property=\"og:title\" content=\"3-Sterne-Hotel Rivazzurra di Rimini: f\u00fcr junge Leute, Gruppen und Paare \u2013 Hotel Morfeo\" \/>\n<meta property=\"og:description\" content=\"Das Hotel Morfeo ist das 3-Sterne-Hotel Rivazzurra in Rimini f\u00fcr junge Leute, Gruppen und Paare, die einen umfassenden Urlaub an der Riviera der Romagna erleben m\u00f6chten. Entdecken Sie die Leistungen und Erlebnisse.\" \/>\n<meta property=\"og:url\" content=\"https:\/\/www.hotelmorfeo.com\/de\/homepage\/\" \/>\n<meta property=\"og:site_name\" content=\"Hotel Morfeo\" \/>\n<meta property=\"article:modified_time\" content=\"2025-03-04T11:59:06+00:00\" \/>\n<meta property=\"og:image\" content=\"https:\/\/www.hotelmorfeo.com\/wp-content\/uploads\/2024\/03\/MORE-FUN-punti-di-forza-HOME-copia-1024x539.jpg\" \/>\n\t<meta property=\"og:image:width\" content=\"1024\" \/>\n\t<meta property=\"og:image:height\" content=\"539\" \/>\n\t<meta property=\"og:image:type\" content=\"image\/jpeg\" \/>\n<meta name=\"twitter:card\" content=\"summary_large_image\" \/>\n<meta name=\"twitter:label1\" content=\"Gesch\u00e4tzte Lesezeit\" \/>\n\t<meta name=\"twitter:data1\" content=\"8\u00a0Minuten\" \/>\n<script type=\"application\/ld+json\" class=\"yoast-schema-graph\">{\"@context\":\"https:\/\/schema.org\",\"@graph\":[{\"@type\":\"WebPage\",\"@id\":\"https:\/\/www.hotelmorfeo.com\/de\/homepage\/\",\"url\":\"https:\/\/www.hotelmorfeo.com\/de\/homepage\/\",\"name\":\"3-Sterne-Hotel Rivazzurra di Rimini: f\u00fcr junge Leute, Gruppen und Paare \u2013 Hotel Morfeo\",\"isPartOf\":{\"@id\":\"https:\/\/www.hotelmorfeo.com\/de\/#website\"},\"primaryImageOfPage\":{\"@id\":\"https:\/\/www.hotelmorfeo.com\/de\/homepage\/#primaryimage\"},\"image\":{\"@id\":\"https:\/\/www.hotelmorfeo.com\/de\/homepage\/#primaryimage\"},\"thumbnailUrl\":\"https:\/\/www.hotelmorfeo.com\/wp-content\/uploads\/2024\/03\/MORE-FUN-punti-di-forza-HOME-copia.jpg\",\"datePublished\":\"2024-02-07T00:22:14+00:00\",\"dateModified\":\"2025-03-04T11:59:06+00:00\",\"description\":\"Das Hotel Morfeo ist das 3-Sterne-Hotel Rivazzurra in Rimini f\u00fcr junge Leute, Gruppen und Paare, die einen umfassenden Urlaub an der Riviera der Romagna erleben m\u00f6chten. Entdecken Sie die Leistungen und Erlebnisse.\",\"breadcrumb\":{\"@id\":\"https:\/\/www.hotelmorfeo.com\/de\/homepage\/#breadcrumb\"},\"inLanguage\":\"de\",\"potentialAction\":[{\"@type\":\"ReadAction\",\"target\":[\"https:\/\/www.hotelmorfeo.com\/de\/homepage\/\"]}]},{\"@type\":\"ImageObject\",\"inLanguage\":\"de\",\"@id\":\"https:\/\/www.hotelmorfeo.com\/de\/homepage\/#primaryimage\",\"url\":\"https:\/\/www.hotelmorfeo.com\/wp-content\/uploads\/2024\/03\/MORE-FUN-punti-di-forza-HOME-copia.jpg\",\"contentUrl\":\"https:\/\/www.hotelmorfeo.com\/wp-content\/uploads\/2024\/03\/MORE-FUN-punti-di-forza-HOME-copia.jpg\"},{\"@type\":\"BreadcrumbList\",\"@id\":\"https:\/\/www.hotelmorfeo.com\/de\/homepage\/#breadcrumb\",\"itemListElement\":[{\"@type\":\"ListItem\",\"position\":1,\"name\":\"Home\",\"item\":\"https:\/\/www.hotelmorfeo.com\/de\/homepage-2\/\"},{\"@type\":\"ListItem\",\"position\":2,\"name\":\"Homepage\"}]},{\"@type\":\"WebSite\",\"@id\":\"https:\/\/www.hotelmorfeo.com\/de\/#website\",\"url\":\"https:\/\/www.hotelmorfeo.com\/de\/\",\"name\":\"Hotel Morfeo\",\"description\":\"Hotel 3 stelle per giovani in Riviera\",\"potentialAction\":[{\"@type\":\"SearchAction\",\"target\":{\"@type\":\"EntryPoint\",\"urlTemplate\":\"https:\/\/www.hotelmorfeo.com\/de\/?s={search_term_string}\"},\"query-input\":{\"@type\":\"PropertyValueSpecification\",\"valueRequired\":true,\"valueName\":\"search_term_string\"}}],\"inLanguage\":\"de\"}]}<\/script>\n<!-- \/ Yoast SEO plugin. -->","yoast_head_json":{"title":"3-Sterne-Hotel Rivazzurra di Rimini: f\u00fcr junge Leute, Gruppen und Paare \u2013 Hotel Morfeo","description":"Das Hotel Morfeo ist das 3-Sterne-Hotel Rivazzurra in Rimini f\u00fcr junge Leute, Gruppen und Paare, die einen umfassenden Urlaub an der Riviera der Romagna erleben m\u00f6chten. Entdecken Sie die Leistungen und Erlebnisse.","robots":{"index":"index","follow":"follow","max-snippet":"max-snippet:-1","max-image-preview":"max-image-preview:large","max-video-preview":"max-video-preview:-1"},"canonical":"https:\/\/www.hotelmorfeo.com\/de\/homepage\/","og_locale":"de_DE","og_type":"article","og_title":"3-Sterne-Hotel Rivazzurra di Rimini: f\u00fcr junge Leute, Gruppen und Paare \u2013 Hotel Morfeo","og_description":"Das Hotel Morfeo ist das 3-Sterne-Hotel Rivazzurra in Rimini f\u00fcr junge Leute, Gruppen und Paare, die einen umfassenden Urlaub an der Riviera der Romagna erleben m\u00f6chten. Entdecken Sie die Leistungen und Erlebnisse.","og_url":"https:\/\/www.hotelmorfeo.com\/de\/homepage\/","og_site_name":"Hotel Morfeo","article_modified_time":"2025-03-04T11:59:06+00:00","og_image":[{"width":1024,"height":539,"url":"https:\/\/www.hotelmorfeo.com\/wp-content\/uploads\/2024\/03\/MORE-FUN-punti-di-forza-HOME-copia-1024x539.jpg","type":"image\/jpeg"}],"twitter_card":"summary_large_image","twitter_misc":{"Gesch\u00e4tzte Lesezeit":"8\u00a0Minuten"},"schema":{"@context":"https:\/\/schema.org","@graph":[{"@type":"WebPage","@id":"https:\/\/www.hotelmorfeo.com\/de\/homepage\/","url":"https:\/\/www.hotelmorfeo.com\/de\/homepage\/","name":"3-Sterne-Hotel Rivazzurra di Rimini: f\u00fcr junge Leute, Gruppen und Paare \u2013 Hotel Morfeo","isPartOf":{"@id":"https:\/\/www.hotelmorfeo.com\/de\/#website"},"primaryImageOfPage":{"@id":"https:\/\/www.hotelmorfeo.com\/de\/homepage\/#primaryimage"},"image":{"@id":"https:\/\/www.hotelmorfeo.com\/de\/homepage\/#primaryimage"},"thumbnailUrl":"https:\/\/www.hotelmorfeo.com\/wp-content\/uploads\/2024\/03\/MORE-FUN-punti-di-forza-HOME-copia.jpg","datePublished":"2024-02-07T00:22:14+00:00","dateModified":"2025-03-04T11:59:06+00:00","description":"Das Hotel Morfeo ist das 3-Sterne-Hotel Rivazzurra in Rimini f\u00fcr junge Leute, Gruppen und Paare, die einen umfassenden Urlaub an der Riviera der Romagna erleben m\u00f6chten. Entdecken Sie die Leistungen und Erlebnisse.","breadcrumb":{"@id":"https:\/\/www.hotelmorfeo.com\/de\/homepage\/#breadcrumb"},"inLanguage":"de","potentialAction":[{"@type":"ReadAction","target":["https:\/\/www.hotelmorfeo.com\/de\/homepage\/"]}]},{"@type":"ImageObject","inLanguage":"de","@id":"https:\/\/www.hotelmorfeo.com\/de\/homepage\/#primaryimage","url":"https:\/\/www.hotelmorfeo.com\/wp-content\/uploads\/2024\/03\/MORE-FUN-punti-di-forza-HOME-copia.jpg","contentUrl":"https:\/\/www.hotelmorfeo.com\/wp-content\/uploads\/2024\/03\/MORE-FUN-punti-di-forza-HOME-copia.jpg"},{"@type":"BreadcrumbList","@id":"https:\/\/www.hotelmorfeo.com\/de\/homepage\/#breadcrumb","itemListElement":[{"@type":"ListItem","position":1,"name":"Home","item":"https:\/\/www.hotelmorfeo.com\/de\/homepage-2\/"},{"@type":"ListItem","position":2,"name":"Homepage"}]},{"@type":"WebSite","@id":"https:\/\/www.hotelmorfeo.com\/de\/#website","url":"https:\/\/www.hotelmorfeo.com\/de\/","name":"Hotel Morfeo","description":"Hotel 3 stelle per giovani in Riviera","potentialAction":[{"@type":"SearchAction","target":{"@type":"EntryPoint","urlTemplate":"https:\/\/www.hotelmorfeo.com\/de\/?s={search_term_string}"},"query-input":{"@type":"PropertyValueSpecification","valueRequired":true,"valueName":"search_term_string"}}],"inLanguage":"de"}]}},"_links":{"self":[{"href":"https:\/\/www.hotelmorfeo.com\/de\/wp-json\/wp\/v2\/pages\/86610","targetHints":{"allow":["GET"]}}],"collection":[{"href":"https:\/\/www.hotelmorfeo.com\/de\/wp-json\/wp\/v2\/pages"}],"about":[{"href":"https:\/\/www.hotelmorfeo.com\/de\/wp-json\/wp\/v2\/types\/page"}],"author":[{"embeddable":true,"href":"https:\/\/www.hotelmorfeo.com\/de\/wp-json\/wp\/v2\/users\/1"}],"replies":[{"embeddable":true,"href":"https:\/\/www.hotelmorfeo.com\/de\/wp-json\/wp\/v2\/comments?post=86610"}],"version-history":[{"count":36,"href":"https:\/\/www.hotelmorfeo.com\/de\/wp-json\/wp\/v2\/pages\/86610\/revisions"}],"predecessor-version":[{"id":90779,"href":"https:\/\/www.hotelmorfeo.com\/de\/wp-json\/wp\/v2\/pages\/86610\/revisions\/90779"}],"wp:attachment":[{"href":"https:\/\/www.hotelmorfeo.com\/de\/wp-json\/wp\/v2\/media?parent=86610"}],"curies":[{"name":"wp","href":"https:\/\/api.w.org\/{rel}","templated":true}]}}