{"id":90353,"date":"2025-01-25T16:43:55","date_gmt":"2025-01-25T16:43:55","guid":{"rendered":"https:\/\/www.hotelmorfeo.com\/angebote-pakete\/"},"modified":"2025-11-27T18:30:33","modified_gmt":"2025-11-27T18:30:33","slug":"angebote-pakete","status":"publish","type":"page","link":"https:\/\/www.hotelmorfeo.com\/de\/angebote-pakete\/","title":{"rendered":"Angebote &amp; Pakete"},"content":{"rendered":"\t\t<div data-elementor-type=\"wp-page\" data-elementor-id=\"90353\" class=\"elementor elementor-90353 elementor-89928\" data-elementor-post-type=\"page\">\n\t\t\t\t\t\t<section class=\"elementor-section elementor-top-section elementor-element elementor-element-3a5f003e elementor-section-height-min-height elementor-section-boxed elementor-section-height-default elementor-section-items-middle\" data-id=\"3a5f003e\" data-element_type=\"section\" data-e-type=\"section\" data-settings=\"{&quot;background_background&quot;:&quot;classic&quot;,&quot;jet_parallax_layout_list&quot;:[]}\">\n\t\t\t\t\t\t\t<div class=\"elementor-background-overlay\"><\/div>\n\t\t\t\t\t\t\t<div class=\"elementor-container elementor-column-gap-default\">\n\t\t\t\t\t<div class=\"elementor-column elementor-col-100 elementor-top-column elementor-element elementor-element-8aff636\" data-id=\"8aff636\" data-element_type=\"column\" data-e-type=\"column\">\n\t\t\t<div class=\"elementor-widget-wrap elementor-element-populated\">\n\t\t\t\t\t\t<div class=\"elementor-element elementor-element-13d80e2d elementor-widget__width-auto elementor-invisible elementor-widget elementor-widget-heading\" data-id=\"13d80e2d\" data-element_type=\"widget\" data-e-type=\"widget\" data-settings=\"{&quot;_animation&quot;:&quot;fadeInLeft&quot;}\" data-widget_type=\"heading.default\">\n\t\t\t\t<div class=\"elementor-widget-container\">\n\t\t\t\t\t<h1 class=\"elementor-heading-title elementor-size-default\">Angebote &amp; Pakete<\/h1>\t\t\t\t<\/div>\n\t\t\t\t<\/div>\n\t\t\t\t\t<\/div>\n\t\t<\/div>\n\t\t\t\t\t<\/div>\n\t\t<\/section>\n\t\t<div class=\"elementor-element elementor-element-7838e31 e-flex e-con-boxed e-con e-parent\" data-id=\"7838e31\" data-element_type=\"container\" data-e-type=\"container\" data-settings=\"{&quot;jet_parallax_layout_list&quot;:[]}\">\n\t\t\t\t\t<div class=\"e-con-inner\">\n\t\t\t\t<div class=\"elementor-element elementor-element-c307768 elementor-widget elementor-widget-spacer\" data-id=\"c307768\" data-element_type=\"widget\" data-e-type=\"widget\" data-widget_type=\"spacer.default\">\n\t\t\t\t<div class=\"elementor-widget-container\">\n\t\t\t\t\t\t\t<div class=\"elementor-spacer\">\n\t\t\t<div class=\"elementor-spacer-inner\"><\/div>\n\t\t<\/div>\n\t\t\t\t\t\t<\/div>\n\t\t\t\t<\/div>\n\t\t\t\t<div class=\"elementor-element elementor-element-235eca5 elementor-widget elementor-widget-heading\" data-id=\"235eca5\" data-element_type=\"widget\" data-e-type=\"widget\" data-widget_type=\"heading.default\">\n\t\t\t\t<div class=\"elementor-widget-container\">\n\t\t\t\t\t<h3 class=\"elementor-heading-title elementor-size-default\">Angebote &amp; Sommerpakete 2026<\/h3>\t\t\t\t<\/div>\n\t\t\t\t<\/div>\n\t\t\t\t<div class=\"elementor-element elementor-element-7f0dfbd elementor-widget elementor-widget-text-editor\" data-id=\"7f0dfbd\" data-element_type=\"widget\" data-e-type=\"widget\" data-widget_type=\"text-editor.default\">\n\t\t\t\t<div class=\"elementor-widget-container\">\n\t\t\t\t\t\t\t\t\t<p style=\"text-align: center;\" data-start=\"233\" data-end=\"578\">Im Hotel <strong>Morfeo<\/strong> findest du Angebote, die dir einen Sommer voller <strong>Meer, Entspannung, gutem Essen und Nightlife erm\u00f6glichen.<\/strong><br data-start=\"365\" data-end=\"368\" \/>W\u00e4hle das <strong>Paket<\/strong>, das am besten zu dir passt, und plane deinen Urlaub zwischen Rimini und Riccione:<br \/>sp\u00e4tes Fr\u00fchst\u00fcck im Juli und August, Buffet-Abendessen, <span style=\"color: #ff6600;\"><strong><a style=\"color: #ff6600;\" href=\"https:\/\/www.hotelmorfeo.com\/de\/2025\/11\/17\/strandbad-cocobeach-106-b\/\" target=\"_blank\" rel=\"noopener\">Strandvereinbarungen<\/a><\/strong><\/span> und unvergessliche N\u00e4chte.<\/p><p style=\"text-align: center;\" data-start=\"580\" data-end=\"658\"><strong>Entdecke alle aktuellen Angebote und buche zum besten Preis.<\/strong><\/p>\t\t\t\t\t\t\t\t<\/div>\n\t\t\t\t<\/div>\n\t\t\t\t<div class=\"elementor-element elementor-element-4261ae8 elementor-widget elementor-widget-spacer\" data-id=\"4261ae8\" data-element_type=\"widget\" data-e-type=\"widget\" data-widget_type=\"spacer.default\">\n\t\t\t\t<div class=\"elementor-widget-container\">\n\t\t\t\t\t\t\t<div class=\"elementor-spacer\">\n\t\t\t<div class=\"elementor-spacer-inner\"><\/div>\n\t\t<\/div>\n\t\t\t\t\t\t<\/div>\n\t\t\t\t<\/div>\n\t\t\t\t\t<\/div>\n\t\t\t\t<\/div>\n\t\t<div class=\"elementor-element elementor-element-0cd385c e-grid e-con-boxed e-con e-parent\" data-id=\"0cd385c\" data-element_type=\"container\" data-e-type=\"container\" data-settings=\"{&quot;jet_parallax_layout_list&quot;:[]}\">\n\t\t\t\t\t<div class=\"e-con-inner\">\n\t\t\t\t<div class=\"elementor-element elementor-element-0f45bbd elementor-widget elementor-widget-image\" data-id=\"0f45bbd\" data-element_type=\"widget\" data-e-type=\"widget\" data-widget_type=\"image.default\">\n\t\t\t\t<div class=\"elementor-widget-container\">\n\t\t\t\t\t\t\t\t\t\t\t\t\t\t\t\t<a href=\"https:\/\/www.hotelmorfeo.com\/de\/offerta\/early-booking\/\" target=\"_blank\">\n\t\t\t\t\t\t\t<img fetchpriority=\"high\" decoding=\"async\" width=\"400\" height=\"225\" src=\"https:\/\/www.hotelmorfeo.com\/wp-content\/uploads\/2025\/04\/7-1.jpg\" class=\"attachment-full size-full wp-image-91577\" alt=\"sonderangbote\" srcset=\"https:\/\/www.hotelmorfeo.com\/wp-content\/uploads\/2025\/04\/7-1.jpg 400w, https:\/\/www.hotelmorfeo.com\/wp-content\/uploads\/2025\/04\/7-1-300x169.jpg 300w\" sizes=\"(max-width: 400px) 100vw, 400px\" \/>\t\t\t\t\t\t\t\t<\/a>\n\t\t\t\t\t\t\t\t\t\t\t\t\t\t\t<\/div>\n\t\t\t\t<\/div>\n\t\t\t\t<div class=\"elementor-element elementor-element-98e2061 elementor-widget elementor-widget-image\" data-id=\"98e2061\" data-element_type=\"widget\" data-e-type=\"widget\" data-widget_type=\"image.default\">\n\t\t\t\t<div class=\"elementor-widget-container\">\n\t\t\t\t\t\t\t\t\t\t\t\t\t\t\t\t<a href=\"https:\/\/www.hotelmorfeo.com\/de\/angebote\/\" target=\"_blank\">\n\t\t\t\t\t\t\t<img decoding=\"async\" width=\"400\" height=\"225\" src=\"https:\/\/www.hotelmorfeo.com\/wp-content\/uploads\/2025\/04\/8-1.jpg\" class=\"attachment-full size-full wp-image-91580\" alt=\"strand &amp; party pakete\" srcset=\"https:\/\/www.hotelmorfeo.com\/wp-content\/uploads\/2025\/04\/8-1.jpg 400w, https:\/\/www.hotelmorfeo.com\/wp-content\/uploads\/2025\/04\/8-1-300x169.jpg 300w\" sizes=\"(max-width: 400px) 100vw, 400px\" \/>\t\t\t\t\t\t\t\t<\/a>\n\t\t\t\t\t\t\t\t\t\t\t\t\t\t\t<\/div>\n\t\t\t\t<\/div>\n\t\t\t\t\t<\/div>\n\t\t\t\t<\/div>\n\t\t<div class=\"elementor-element elementor-element-71fd5d9 e-flex e-con-boxed e-con e-parent\" data-id=\"71fd5d9\" data-element_type=\"container\" data-e-type=\"container\" data-settings=\"{&quot;jet_parallax_layout_list&quot;:[]}\">\n\t\t\t\t\t<div class=\"e-con-inner\">\n\t\t\t\t<div class=\"elementor-element elementor-element-001a176 elementor-widget elementor-widget-spacer\" data-id=\"001a176\" data-element_type=\"widget\" data-e-type=\"widget\" data-widget_type=\"spacer.default\">\n\t\t\t\t<div class=\"elementor-widget-container\">\n\t\t\t\t\t\t\t<div class=\"elementor-spacer\">\n\t\t\t<div class=\"elementor-spacer-inner\"><\/div>\n\t\t<\/div>\n\t\t\t\t\t\t<\/div>\n\t\t\t\t<\/div>\n\t\t\t\t\t<\/div>\n\t\t\t\t<\/div>\n\t\t\t\t<\/div>\n\t\t","protected":false},"excerpt":{"rendered":"<p>Angebote &amp; Pakete Angebote &amp; Sommerpakete 2026 Im Hotel Morfeo findest du Angebote, die dir einen Sommer voller Meer, Entspannung, gutem Essen und Nightlife erm\u00f6glichen.W\u00e4hle das Paket, das am besten zu dir passt, und plane deinen Urlaub zwischen Rimini und Riccione:sp\u00e4tes Fr\u00fchst\u00fcck im Juli und August, Buffet-Abendessen, Strandvereinbarungen und unvergessliche N\u00e4chte. Entdecke alle aktuellen Angebote [&hellip;]<\/p>\n","protected":false},"author":1,"featured_media":90119,"parent":0,"menu_order":0,"comment_status":"closed","ping_status":"closed","template":"elementor_header_footer","meta":{"_acf_changed":false,"footnotes":""},"class_list":["post-90353","page","type-page","status-publish","has-post-thumbnail","hentry"],"acf":[],"yoast_head":"<!-- This site is optimized with the Yoast SEO plugin v27.2 - https:\/\/yoast.com\/product\/yoast-seo-wordpress\/ -->\n<title>Angebote &amp; Pakete - Hotel Morfeo<\/title>\n<meta name=\"description\" content=\"Entdecke die besten Angebote und Pakete f\u00fcr Sommer 2026 im Hotel Morfeo: sp\u00e4tes Fr\u00fchst\u00fcck, Buffet-Abendessen, Strandvereinbarungen und unvergessliche N\u00e4chte zwischen Rimini und Riccione.\" \/>\n<meta name=\"robots\" content=\"index, follow, max-snippet:-1, max-image-preview:large, max-video-preview:-1\" \/>\n<link rel=\"canonical\" href=\"https:\/\/www.hotelmorfeo.com\/de\/angebote-pakete\/\" \/>\n<meta property=\"og:locale\" content=\"de_DE\" \/>\n<meta property=\"og:type\" content=\"article\" \/>\n<meta property=\"og:title\" content=\"Angebote &amp; Pakete - Hotel Morfeo\" \/>\n<meta property=\"og:description\" content=\"Entdecke die besten Angebote und Pakete f\u00fcr Sommer 2026 im Hotel Morfeo: sp\u00e4tes Fr\u00fchst\u00fcck, Buffet-Abendessen, Strandvereinbarungen und unvergessliche N\u00e4chte zwischen Rimini und Riccione.\" \/>\n<meta property=\"og:url\" content=\"https:\/\/www.hotelmorfeo.com\/de\/angebote-pakete\/\" \/>\n<meta property=\"og:site_name\" content=\"Hotel Morfeo\" \/>\n<meta property=\"article:modified_time\" content=\"2025-11-27T18:30:33+00:00\" \/>\n<meta property=\"og:image\" content=\"https:\/\/www.hotelmorfeo.com\/wp-content\/uploads\/2025\/01\/chi60DSC06917-scaled.jpg\" \/>\n\t<meta property=\"og:image:width\" content=\"2560\" \/>\n\t<meta property=\"og:image:height\" content=\"1298\" \/>\n\t<meta property=\"og:image:type\" content=\"image\/jpeg\" \/>\n<meta name=\"twitter:card\" content=\"summary_large_image\" \/>\n<meta name=\"twitter:label1\" content=\"Gesch\u00e4tzte Lesezeit\" \/>\n\t<meta name=\"twitter:data1\" content=\"1\u00a0Minute\" \/>\n<script type=\"application\/ld+json\" class=\"yoast-schema-graph\">{\"@context\":\"https:\/\/schema.org\",\"@graph\":[{\"@type\":\"WebPage\",\"@id\":\"https:\/\/www.hotelmorfeo.com\/de\/angebote-pakete\/\",\"url\":\"https:\/\/www.hotelmorfeo.com\/de\/angebote-pakete\/\",\"name\":\"Angebote &amp; Pakete - Hotel Morfeo\",\"isPartOf\":{\"@id\":\"https:\/\/www.hotelmorfeo.com\/de\/#website\"},\"primaryImageOfPage\":{\"@id\":\"https:\/\/www.hotelmorfeo.com\/de\/angebote-pakete\/#primaryimage\"},\"image\":{\"@id\":\"https:\/\/www.hotelmorfeo.com\/de\/angebote-pakete\/#primaryimage\"},\"thumbnailUrl\":\"https:\/\/www.hotelmorfeo.com\/wp-content\/uploads\/2025\/01\/chi60DSC06917-scaled.jpg\",\"datePublished\":\"2025-01-25T16:43:55+00:00\",\"dateModified\":\"2025-11-27T18:30:33+00:00\",\"description\":\"Entdecke die besten Angebote und Pakete f\u00fcr Sommer 2026 im Hotel Morfeo: sp\u00e4tes Fr\u00fchst\u00fcck, Buffet-Abendessen, Strandvereinbarungen und unvergessliche N\u00e4chte zwischen Rimini und Riccione.\",\"breadcrumb\":{\"@id\":\"https:\/\/www.hotelmorfeo.com\/de\/angebote-pakete\/#breadcrumb\"},\"inLanguage\":\"de\",\"potentialAction\":[{\"@type\":\"ReadAction\",\"target\":[\"https:\/\/www.hotelmorfeo.com\/de\/angebote-pakete\/\"]}]},{\"@type\":\"ImageObject\",\"inLanguage\":\"de\",\"@id\":\"https:\/\/www.hotelmorfeo.com\/de\/angebote-pakete\/#primaryimage\",\"url\":\"https:\/\/www.hotelmorfeo.com\/wp-content\/uploads\/2025\/01\/chi60DSC06917-scaled.jpg\",\"contentUrl\":\"https:\/\/www.hotelmorfeo.com\/wp-content\/uploads\/2025\/01\/chi60DSC06917-scaled.jpg\",\"width\":2560,\"height\":1298,\"caption\":\"Large group of trendy happy friends walking at beach by sunset time - Multiracial life style concept with young people having fun on summer vacation - Bright vivid filter with focus on middle frame\"},{\"@type\":\"BreadcrumbList\",\"@id\":\"https:\/\/www.hotelmorfeo.com\/de\/angebote-pakete\/#breadcrumb\",\"itemListElement\":[{\"@type\":\"ListItem\",\"position\":1,\"name\":\"Home\",\"item\":\"https:\/\/www.hotelmorfeo.com\/de\/homepage-2\/\"},{\"@type\":\"ListItem\",\"position\":2,\"name\":\"Angebote &amp; Pakete\"}]},{\"@type\":\"WebSite\",\"@id\":\"https:\/\/www.hotelmorfeo.com\/de\/#website\",\"url\":\"https:\/\/www.hotelmorfeo.com\/de\/\",\"name\":\"Hotel Morfeo\",\"description\":\"Hotel 3 stelle per giovani in Riviera\",\"potentialAction\":[{\"@type\":\"SearchAction\",\"target\":{\"@type\":\"EntryPoint\",\"urlTemplate\":\"https:\/\/www.hotelmorfeo.com\/de\/?s={search_term_string}\"},\"query-input\":{\"@type\":\"PropertyValueSpecification\",\"valueRequired\":true,\"valueName\":\"search_term_string\"}}],\"inLanguage\":\"de\"}]}<\/script>\n<!-- \/ Yoast SEO plugin. -->","yoast_head_json":{"title":"Angebote &amp; Pakete - Hotel Morfeo","description":"Entdecke die besten Angebote und Pakete f\u00fcr Sommer 2026 im Hotel Morfeo: sp\u00e4tes Fr\u00fchst\u00fcck, Buffet-Abendessen, Strandvereinbarungen und unvergessliche N\u00e4chte zwischen Rimini und Riccione.","robots":{"index":"index","follow":"follow","max-snippet":"max-snippet:-1","max-image-preview":"max-image-preview:large","max-video-preview":"max-video-preview:-1"},"canonical":"https:\/\/www.hotelmorfeo.com\/de\/angebote-pakete\/","og_locale":"de_DE","og_type":"article","og_title":"Angebote &amp; Pakete - Hotel Morfeo","og_description":"Entdecke die besten Angebote und Pakete f\u00fcr Sommer 2026 im Hotel Morfeo: sp\u00e4tes Fr\u00fchst\u00fcck, Buffet-Abendessen, Strandvereinbarungen und unvergessliche N\u00e4chte zwischen Rimini und Riccione.","og_url":"https:\/\/www.hotelmorfeo.com\/de\/angebote-pakete\/","og_site_name":"Hotel Morfeo","article_modified_time":"2025-11-27T18:30:33+00:00","og_image":[{"width":2560,"height":1298,"url":"https:\/\/www.hotelmorfeo.com\/wp-content\/uploads\/2025\/01\/chi60DSC06917-scaled.jpg","type":"image\/jpeg"}],"twitter_card":"summary_large_image","twitter_misc":{"Gesch\u00e4tzte Lesezeit":"1\u00a0Minute"},"schema":{"@context":"https:\/\/schema.org","@graph":[{"@type":"WebPage","@id":"https:\/\/www.hotelmorfeo.com\/de\/angebote-pakete\/","url":"https:\/\/www.hotelmorfeo.com\/de\/angebote-pakete\/","name":"Angebote &amp; Pakete - Hotel Morfeo","isPartOf":{"@id":"https:\/\/www.hotelmorfeo.com\/de\/#website"},"primaryImageOfPage":{"@id":"https:\/\/www.hotelmorfeo.com\/de\/angebote-pakete\/#primaryimage"},"image":{"@id":"https:\/\/www.hotelmorfeo.com\/de\/angebote-pakete\/#primaryimage"},"thumbnailUrl":"https:\/\/www.hotelmorfeo.com\/wp-content\/uploads\/2025\/01\/chi60DSC06917-scaled.jpg","datePublished":"2025-01-25T16:43:55+00:00","dateModified":"2025-11-27T18:30:33+00:00","description":"Entdecke die besten Angebote und Pakete f\u00fcr Sommer 2026 im Hotel Morfeo: sp\u00e4tes Fr\u00fchst\u00fcck, Buffet-Abendessen, Strandvereinbarungen und unvergessliche N\u00e4chte zwischen Rimini und Riccione.","breadcrumb":{"@id":"https:\/\/www.hotelmorfeo.com\/de\/angebote-pakete\/#breadcrumb"},"inLanguage":"de","potentialAction":[{"@type":"ReadAction","target":["https:\/\/www.hotelmorfeo.com\/de\/angebote-pakete\/"]}]},{"@type":"ImageObject","inLanguage":"de","@id":"https:\/\/www.hotelmorfeo.com\/de\/angebote-pakete\/#primaryimage","url":"https:\/\/www.hotelmorfeo.com\/wp-content\/uploads\/2025\/01\/chi60DSC06917-scaled.jpg","contentUrl":"https:\/\/www.hotelmorfeo.com\/wp-content\/uploads\/2025\/01\/chi60DSC06917-scaled.jpg","width":2560,"height":1298,"caption":"Large group of trendy happy friends walking at beach by sunset time - Multiracial life style concept with young people having fun on summer vacation - Bright vivid filter with focus on middle frame"},{"@type":"BreadcrumbList","@id":"https:\/\/www.hotelmorfeo.com\/de\/angebote-pakete\/#breadcrumb","itemListElement":[{"@type":"ListItem","position":1,"name":"Home","item":"https:\/\/www.hotelmorfeo.com\/de\/homepage-2\/"},{"@type":"ListItem","position":2,"name":"Angebote &amp; Pakete"}]},{"@type":"WebSite","@id":"https:\/\/www.hotelmorfeo.com\/de\/#website","url":"https:\/\/www.hotelmorfeo.com\/de\/","name":"Hotel Morfeo","description":"Hotel 3 stelle per giovani in Riviera","potentialAction":[{"@type":"SearchAction","target":{"@type":"EntryPoint","urlTemplate":"https:\/\/www.hotelmorfeo.com\/de\/?s={search_term_string}"},"query-input":{"@type":"PropertyValueSpecification","valueRequired":true,"valueName":"search_term_string"}}],"inLanguage":"de"}]}},"_links":{"self":[{"href":"https:\/\/www.hotelmorfeo.com\/de\/wp-json\/wp\/v2\/pages\/90353","targetHints":{"allow":["GET"]}}],"collection":[{"href":"https:\/\/www.hotelmorfeo.com\/de\/wp-json\/wp\/v2\/pages"}],"about":[{"href":"https:\/\/www.hotelmorfeo.com\/de\/wp-json\/wp\/v2\/types\/page"}],"author":[{"embeddable":true,"href":"https:\/\/www.hotelmorfeo.com\/de\/wp-json\/wp\/v2\/users\/1"}],"replies":[{"embeddable":true,"href":"https:\/\/www.hotelmorfeo.com\/de\/wp-json\/wp\/v2\/comments?post=90353"}],"version-history":[{"count":19,"href":"https:\/\/www.hotelmorfeo.com\/de\/wp-json\/wp\/v2\/pages\/90353\/revisions"}],"predecessor-version":[{"id":92333,"href":"https:\/\/www.hotelmorfeo.com\/de\/wp-json\/wp\/v2\/pages\/90353\/revisions\/92333"}],"wp:featuredmedia":[{"embeddable":true,"href":"https:\/\/www.hotelmorfeo.com\/de\/wp-json\/wp\/v2\/media\/90119"}],"wp:attachment":[{"href":"https:\/\/www.hotelmorfeo.com\/de\/wp-json\/wp\/v2\/media?parent=90353"}],"curies":[{"name":"wp","href":"https:\/\/api.w.org\/{rel}","templated":true}]}}